{"id":1131,"date":"2015-02-26T16:36:47","date_gmt":"2015-02-26T16:36:47","guid":{"rendered":"https:\/\/www.sigridlindemann.com\/?page_id=1131"},"modified":"2015-05-18T07:47:54","modified_gmt":"2015-05-18T07:47:54","slug":"schock-und-trauma-pflanzliches-und-mehr","status":"publish","type":"page","link":"https:\/\/www.sigridlindemann.com\/en\/schock-und-trauma-pflanzliches-und-mehr\/","title":{"rendered":"content &#8220;shock and trauma &#8211; plants and more&#8221;"},"content":{"rendered":"<p><strong><em>Schock und Trauma &#8211; Pflanzliches und mehr<\/em><\/strong><strong><em><a href=\"https:\/\/www.sigridlindemann.com\/wp-content\/uploads\/2015\/02\/tree-lightning.jpg\" rel=\"lightbox-0\"><img loading=\"lazy\" decoding=\"async\" class=\" size-medium wp-image-1137 alignright\" src=\"https:\/\/www.sigridlindemann.com\/wp-content\/uploads\/2015\/02\/tree-lightning-300x168.jpg\" alt=\"tree lightning\" width=\"300\" height=\"168\" \/><\/a><\/em><\/strong><\/p>\n<p>Trauma in seinen vielen Formen ist h\u00e4ufig Thema in der Praxis. Ich stelle\u00a0 Behandlungsans\u00e4tze mit konstitutioneller Behandlung und begleitender Traumabehandlung vor.<\/p>\n<p>&#8211; Pflanzenfamilien mit VitalEmpfindungen von Schock und Trauma, Konstitutionelles<\/p>\n<p>&#8211; Typische Thematiken bei Traumatisierten, Behandlung der posttraumatische Belastungsst\u00f6rung, Anpassung der Anamnese und typische Behandlungsverl\u00e4ufe<\/p>\n<p>&#8211; PC Heilresonanzen f\u00fcr Trauma, eigene Erfahrungen mit Harry van der Zees Entwicklung<\/p>\n<p>&#8211; weitere ganzheitliche Ans\u00e4tze zur Trauma Behandlung &#8211; kurze \u00dcbungen relevant f\u00fcr Begleitung bei Trauma<\/p>\n<p>&#8211; direkter Zugang zu den Ursubstanzen !<\/p>\n","protected":false},"excerpt":{"rendered":"<p>Schock und Trauma &#8211; Pflanzliches und mehr Trauma in seinen vielen Formen ist h\u00e4ufig Thema in der Praxis. Ich stelle\u00a0 Behandlungsans\u00e4tze mit konstitutioneller Behandlung und<\/p>\n","protected":false},"author":1,"featured_media":0,"parent":0,"menu_order":0,"comment_status":"closed","ping_status":"open","template":"","meta":{"footnotes":""},"class_list":["post-1131","page","type-page","status-publish","hentry"],"translation":{"provider":"WPGlobus","version":"3.0.2","language":"en","enabled_languages":["de","en"],"languages":{"de":{"title":true,"content":true,"excerpt":false},"en":{"title":true,"content":false,"excerpt":false}}},"aioseo_notices":[],"_links":{"self":[{"href":"https:\/\/www.sigridlindemann.com\/en\/wp-json\/wp\/v2\/pages\/1131","targetHints":{"allow":["GET"]}}],"collection":[{"href":"https:\/\/www.sigridlindemann.com\/en\/wp-json\/wp\/v2\/pages"}],"about":[{"href":"https:\/\/www.sigridlindemann.com\/en\/wp-json\/wp\/v2\/types\/page"}],"author":[{"embeddable":true,"href":"https:\/\/www.sigridlindemann.com\/en\/wp-json\/wp\/v2\/users\/1"}],"replies":[{"embeddable":true,"href":"https:\/\/www.sigridlindemann.com\/en\/wp-json\/wp\/v2\/comments?post=1131"}],"version-history":[{"count":0,"href":"https:\/\/www.sigridlindemann.com\/en\/wp-json\/wp\/v2\/pages\/1131\/revisions"}],"wp:attachment":[{"href":"https:\/\/www.sigridlindemann.com\/en\/wp-json\/wp\/v2\/media?parent=1131"}],"curies":[{"name":"wp","href":"https:\/\/api.w.org\/{rel}","templated":true}]}}