{"id":1445,"date":"2016-10-12T09:55:33","date_gmt":"2016-10-12T09:55:33","guid":{"rendered":"https:\/\/www.sigridlindemann.com\/?page_id=1445"},"modified":"2016-10-12T09:56:31","modified_gmt":"2016-10-12T09:56:31","slug":"intensivausbildung-empfindungsmethode-bremen","status":"publish","type":"page","link":"https:\/\/www.sigridlindemann.com\/en\/intensivausbildung-empfindungsmethode-bremen\/","title":{"rendered":"IntensivAusbildung Empfindungsmethode Bremen"},"content":{"rendered":"<p><strong>Ausbildung Empfindungsmethode <\/strong><strong>nach Rajan Sankaran 2016-2018<\/strong><\/p>\n<p><strong>mit Sigrid Lindemann und Dorothee Teutsch in Bremen<\/strong><\/p>\n<p><strong>Beginn:<\/strong> November 2016 \u00a0<strong>Ende:<\/strong> voraussichtlich September 2018<\/p>\n<p><strong>Umfang<\/strong>: 1 3t\u00e4giges Einf\u00fchrungsmodul Nov.2016 und 1 2t\u00e4giges aufbauendes Einf\u00fchrungsmodul Feb.2017<\/p>\n<p>5 3t\u00e4gige Videoseminare als Intensivmodul ab Mai 2016 jeweils Freitag \u2013 Sonntag in Bremen mit Sigrid Lindemann<\/p>\n<p>10 Unterrichtstage zwischen den Modulen jeweils ca. 1 Mal pro Monat am Sonnabend mit Dorothee Teutsch.<\/p>\n<p>Abschlussmodul 2 Unterrichtstage Freitag und Sonnabend und ein halber Sonntag Ausklang in geselliger Runde mit einem Ausflug in Bremen.<\/p>\n<p>Gesamtunterrichtseinheiten: 264 a 45 Minuten<\/p>\n<p><strong>\u00a0<\/strong><\/p>\n<p><strong>Inhaltliches:<\/strong><\/p>\n<p>&#8211; <strong>Einf\u00fchrung<\/strong> in die Methode \u2013 Tier &#8211; Pflanze \u2013 Mineral<\/p>\n<p>&#8211; \u00dcberblick \u00fcber die Vitalempfindung der <strong>Tiergruppen <\/strong><\/p>\n<p>(S\u00e4ugetiere, Insekten, Spinnen, Mollusken, Reptilien, V\u00f6gel usw.)<\/p>\n<p>&#8211; \u00dcberblick \u00fcber die Vitalempfindungen der <strong>Pflanzenfamilien<\/strong>: Alle bisher bekannten 35 Pflanzenfamilien werde besprochen, vielfach mit Videof\u00e4llen. Dazu DD der \u00e4hnlichen Pflanzenfamilien und Einarbeitung des Ansatzes von M. Yakir zur Evolution der Pflanzen<\/p>\n<p>&#8211; <strong>Das Periodensystem und seine Elemente<\/strong> \u2013 \u00a0Sankaran`s VitalEmpfindungen und Scholtens Systematik der Reihen und Spalten und das Periodensystem als fortschreitende Entwicklung des Menschen. Es werden verschiedenste\u00a0 Verbindungen wie Salze, S\u00e4uren etc.vorgestellt.<\/p>\n<p>&#8211; <strong>Imponderabilien, Sarkoden und Nosoden<\/strong> erkennen und verschreiben lernen.<\/p>\n<p>&#8211; <strong>Liveanamnese<\/strong> &#8211; Seminarblock \u2013 3 Tage interaktive Liveanamnesen \u2013 den Weg zum Mittel beobachten und verstehen lernen. Das Erlernen der Anamnesetechniken Life und in Zweier- \u00dcbungen. Die Patienten der Liveanamnese begegnen uns im Verlauf der Ausbildung immer wieder anhand von Livefollow ups oder Videomitschnitten der Folgeanamnesen.<\/p>\n<p><strong>Unterrichtsgestaltung:<\/strong><\/p>\n<p>Wir arbeiten mit Papier<strong>&#8211; <\/strong>und <strong>vielen <\/strong><strong>Videof\u00e4llen<\/strong>. Interaktion und \u00dcbungen sind uns wichtig. Ausf\u00fchrliche Dokumentation mit Powerpoints und Skripten f\u00fchren nachhaltigen Lernerfolgen. <strong>Supervision<\/strong> eigener F\u00e4lle durch <strong>erfahrene Dozentinnen<\/strong> rundet die Ausbildung ab. Das zus\u00e4tzlich buchbare <strong>Ambulatorium<\/strong> erweitert das Angebot um die M\u00f6glichkeit praxisnah eigene Erfahrungen in der Vertiefung und Verfeinerung des Anamnesegespr\u00e4chs am Patienten zu sammeln. Die Kooperation in der <strong>festen Lerngruppe<\/strong> ist ein zus\u00e4tzliches Plus.<\/p>\n<p><strong>Kosten: Gesamtkurs<\/strong><\/p>\n<p>2.310 Euro oder\u00a02.475 Euro \u2013 je nach gew\u00fcnschter Zahlungsmodalit\u00e4t (3 Raten a 770 Euro oder 22 monatliche Raten a 112,50 Euro) Ein Seminartag kostet also 70 bzw. 80 Euro<\/p>\n<p><strong>Einzelne Seminartage und Module<\/strong><\/p>\n<p>Die Module und Unterrichtstage k\u00f6nnen nach Absprache einzeln gebucht werden. Voraussetzung daf\u00fcr sind bereits profunde Kenntnisse in der Anwendung der Sankaran- Methode. Bei Einzelbuchungen ist der Beitrag 95 Euro f\u00fcr 1 Seminartag, 180 Euro f\u00fcr 2 Tage, 260 Euro f\u00fcr 3 Tage.<\/p>\n<p><strong>Fakultativ zus\u00e4tzlich<\/strong> ab Fr\u00fchjahr 2017 durch ein <strong>Ambulatorium erg\u00e4nzt \u2013 <\/strong>wir arbeiten praktisch mit Patienten! Sie entscheiden individuell im Fr\u00fchling 2017, ob Sie diese M\u00f6glichkeit ergreifen m\u00f6chten. Das Ambulatorium findet jeweils immer am Freitagnachmittag vor den Einzelsonnabenden statt und kostet pro Veranstaltung 45 Euro. Die Anmeldung f\u00fcr das Ambu erfolgt nur komplett f\u00fcr alle 10 Nachmittage.<\/p>\n<p><strong>Ihre Dozentinnen sind:<\/strong><\/p>\n<p><strong>Sigrid Lindemann<\/strong>, HP, Auroville (Indien) ist Dozentin von WISH (World Institute for Sensation Homeopathy), SHZ zertifiziert. Unterrichtet die Methode seit 2004. Ihr gut strukturierter, lebendiger Vortragsstil, die eindrucksvollen Videof\u00e4lle und die vielen schriftlichen Ausarbeitungen sind ideal f\u00fcr ein erfolgreiches Erlernen der Empfindungsmethode. Zahlreiche Ver\u00f6ffentlichungen in \u201eHom\u00f6opathia viva\u201c und \u201eSpektrum\u201c. www.sigridlindemann.com<\/p>\n<p><strong>Dorothee Teutsch<\/strong>, HP in Bremen seit 2000 in eigener Praxis. Langj\u00e4hrige Dozentin an Heilpraktikerschulen f\u00fcr unterschiedliche Fachrichtungen. Kurse f\u00fcr Eltern praktisch und informativ zu Themen wie \u00c4ngste, ADHS, Notf\u00e4lle etc. aus psychologischer und hom\u00f6opathischer Sicht seit 2001. Dorothee Teutsch lernt und arbeitet seit 2006 nach R. Sankaran und leitet seit Jan. 2015 eine Fortbildungsgruppe in der \u201eEmpfindungsmethode\u201c.\u00a0 \u00a0\u00a0\u00a0\u00a0\u00a0\u00a0\u00a0\u00a0\u00a0\u00a0\u00a0\u00a0\u00a0\u00a0\u00a0\u00a0\u00a0\u00a0\u00a0\u00a0\u00a0\u00a0\u00a0<a href=\"http:\/\/www.heilen-und-beraten.de\">www.heilen-und-beraten.de<\/a><\/p>\n<p><strong>Fortbildungspunkte<\/strong><\/p>\n<p><strong>Die <\/strong>\u00a03-Tages-Module werden stets von der SHZ anerkannt. Jeweils 27 Fortbildungspunkte des DZVHAE wurden f\u00fcr die ersten beiden Module genehmigt.<\/p>\n<p><strong>Seminarort <\/strong><strong>: <\/strong>EOS- Institut, Schwachhauser Heerstr. 55, 28211 Bremen<\/p>\n<p><strong>Termine:<\/strong> Hier aufgef\u00fchrt bis Dezember 2017 feststehend!<\/p>\n<p>1<strong>-1. Einf\u00fchrungs-Modul:<\/strong> <strong>4.-6.11.16<\/strong> (Sigrid Lindemann)<\/p>\n<p>Einf\u00fchrung in die Methode mit F\u00e4llen zu den Naturreichen \u201eMineral, Pflanze, Tier \u2013 und andere\u201c.<\/p>\n<p>Kurze \u00dcbungen zu\u00a0den \u201eEbenen der Erfahrung\u201c und Anamnesetechnik<\/p>\n<p>2<strong>-2. Einf\u00fchrungs-Modul:<\/strong> <strong>24.-25.02.17<\/strong> (Dorothee)<\/p>\n<p>Erweiterte Einf\u00fchrung VitalEmpfindung der Gruppen (Videos zu Mineral, Pflanze, Tier)<\/p>\n<p>3<strong>-1. Einzeltag:<\/strong> <strong>17.-18.03. 17<\/strong> (Dorothee)<\/p>\n<p>Einf\u00fchrung in das Periodensystem\u00a0 und die VitalEmpfindungen der Reihen und Spalten wie von Scholten und Sankaran beschrieben. Wir lernen anhand von Video- und Papierf\u00e4llen zu diesen Mitteln aus dem Mineralreich.<\/p>\n<p>4-2. Einzeltag: 08.04.17 plus Ambulatorium m\u00f6glich (Dorothee)<\/p>\n<p>Einstieg in tierische Heilmittel. Die Systematisierung des Tierreichs und ihre praxisnahe Differenzierung mit Video- und Papierf\u00e4llen<\/p>\n<p>5-1. Modul: 19.-21.05.17 (Sigrid)<\/p>\n<p>Einblicke ins Pflanzenreich : \u00a0Videof\u00e4lle zu pflanzlichen Heilmitteln und der Arbeit mit den VitalEmpfindungen der Pflanzenfamilien und Sankarans Konzept der 10 Miasmen. Praktisches Ein\u00fcben dieser sehr pr\u00e4zisen Arbeit, Strategien im Erkennen und Fokussieren bei pflanzlichen Heilmitteln.<\/p>\n<p>6<strong>-2. Modul:<\/strong> <strong>09.-11.06.17<\/strong> (Sigrid)<\/p>\n<p>Liveanamnesen und Anamnesetechniken \u2013 Sigrid Lindemann f\u00fchrt jeden Tag eine Anamnese live durch und bespricht interaktiv mit den Teilnehmern des Seminars. Plus interaktive Anamnese\u00fcbungen!!<\/p>\n<p>7<strong>-3. Einzeltag<\/strong>: <strong>26.8.17<\/strong> (Dorothee)<\/p>\n<p>Vertiefung Heilmittel aus dem Tierreich: Meeresmittel<\/p>\n<p>8<strong>-4. Einzeltag:<\/strong> <strong>16.09.17<\/strong> (Dorothee)<\/p>\n<p>Vertiefung Mineralische Arzneien<\/p>\n<p>9-<strong>3. Modul: 27.-29.10.17<\/strong> (Sigrid)<\/p>\n<p>\u201eBezaubernde Pflanzen\u201c (\u2026mineralien waren schon dran\u2026.also eher Pflanzen\u2026oder \u201eThe Big Bang Energie und Materie\u201c)<\/p>\n<p>10<strong>-5. Einzeltag:<\/strong> <strong>11.11.17<\/strong> (Dorothee)<\/p>\n<p>Reptilien, Schlangen<\/p>\n<p>11.-<strong>6. Einzeltag: voraussichtlich 20.1.18 <\/strong>(Dorothee)<\/p>\n<p>Vertiefung Heilmittel aus dem Tierreich DD<\/p>\n<ol start=\"12\">\n<li>&#8211; <strong>7. Einzeltag: Feb.18 <\/strong>(Dorothee)<\/li>\n<\/ol>\n<p>Halogene<\/p>\n<ol start=\"13\">\n<li>&#8211; <strong>8. Einzeltag: M\u00e4rz 18 <\/strong>(Dorothee)<\/li>\n<\/ol>\n<p>Vogelmittel<\/p>\n<ol start=\"14\">\n<li>&#8211; <strong>9. Einzeltag: April 18 <\/strong>(Dorothee)<\/li>\n<\/ol>\n<p>Nosoden<\/p>\n<ol start=\"15\">\n<li>&#8211; <strong>4. Modul: Mai 18<\/strong> (Sigrid)<\/li>\n<\/ol>\n<p>The Big Bang \u2013 oder Energie und Materie 2<\/p>\n<ol start=\"16\">\n<li>&#8211; <strong>5. Modul: Juni.18 <\/strong>(Sigrid)<\/li>\n<\/ol>\n<p>\u201eSchock und Trauma\u201c<\/p>\n<ol start=\"14\">\n<li>&#8211; <strong>10. Einzeltag: Aug. 18 <\/strong>(Dorothee)<\/li>\n<\/ol>\n<p>Hamamelidae<\/p>\n<ol start=\"17\">\n<li>&#8211; <strong>Abschlussmodul: Sept.18<\/strong> (Sigrid, Dorothee)<\/li>\n<\/ol>\n<p>2 Tage Liveanamnese bei Kindern, jeden Morgen eine LifeAnamnese<\/p>\n<p>Anamnesetechnik bei Kinder Anamnesen, Unterscheidung der Naturreich bei Kindern \u2013 ganz praktisch! H\u00e4ufige Diagnosen und Wirkung des Simillimums!<\/p>\n<p>Diese Planung ist der derzeitige Entwicklungsstand. Sollten \u00c4nderungen sinnvoll sein, insbesondere inhaltlicher Art, bleibt das den Dozentinnen vorbehalten.<\/p>\n<p>Sie wissen noch nicht so viel \u00fcber die Sankaran- Methode und ben\u00f6tigen eine Einf\u00fchrung? Sprechen Sie uns an.<\/p>\n<p>Einf\u00fchrungen vor Ort in Bremen oder via Skype sind m\u00f6glich!<\/p>\n<p>&nbsp;<\/p>\n<p>Wir freuen uns auf Sie!<\/p>\n<p>Sigrid Lindemann \u00a0\u00a0\u00a0\u00a0\u00a0\u00a0\u00a0\u00a0\u00a0\u00a0\u00a0\u00a0\u00a0\u00a0\u00a0\u00a0und Dorothee Teutsch<\/p>\n<p>01636518591\u00a0\u00a0\u00a0\u00a0\u00a0\u00a0\u00a0\u00a0\u00a0\u00a0\u00a0\u00a0\u00a0\u00a0\u00a0\u00a0\u00a0\u00a0\u00a0\u00a0 0421 \u00a0434 86 57<\/p>\n<p><a href=\"&#x6d;&#97;&#x69;&#x6c;t&#x6f;&#58;s&#x69;&#103;r&#x69;&#100;&#x40;&#x61;u&#x72;&#111;v&#x69;&#108;l&#x65;&#46;&#x6f;&#x72;&#103;&#x2e;&#x69;n\">&#x73;&#x69;&#x67;&#x72;&#105;&#100;&#64;au&#x72;&#x6f;&#x76;&#x69;&#108;&#108;e&#46;o&#x72;&#x67;&#x2e;&#x69;&#110;<\/a>\u00a0\u00a0\u00a0\u00a0\u00a0\u00a0\u00a0\u00a0 <a href=\"&#109;a&#105;l&#116;o&#x3a;i&#x6e;f&#x6f;&#64;&#x68;e&#x69;l&#x65;n&#x2d;u&#x6e;d&#x2d;b&#x65;&#114;&#x61;&#116;&#x65;&#110;&#x2e;&#100;&#x65;\">&#105;&#x6e;&#x66;o&#64;&#x68;e&#105;&#x6c;&#x65;&#110;&#x2d;&#x75;n&#100;&#x2d;b&#101;&#x72;&#x61;&#116;&#x65;&#x6e;&#46;&#100;&#x65;<\/a><\/p>\n","protected":false},"excerpt":{"rendered":"<p>Ausbildung Empfindungsmethode nach Rajan Sankaran 2016-2018 mit Sigrid Lindemann und Dorothee Teutsch in Bremen Beginn: November 2016 \u00a0Ende: voraussichtlich September 2018 Umfang: 1 3t\u00e4giges Einf\u00fchrungsmodul<\/p>\n","protected":false},"author":1,"featured_media":0,"parent":0,"menu_order":0,"comment_status":"closed","ping_status":"closed","template":"","meta":{"footnotes":""},"class_list":["post-1445","page","type-page","status-publish","hentry"],"translation":{"provider":"WPGlobus","version":"3.0.2","language":"en","enabled_languages":["de","en"],"languages":{"de":{"title":true,"content":true,"excerpt":false},"en":{"title":true,"content":false,"excerpt":false}}},"aioseo_notices":[],"_links":{"self":[{"href":"https:\/\/www.sigridlindemann.com\/en\/wp-json\/wp\/v2\/pages\/1445","targetHints":{"allow":["GET"]}}],"collection":[{"href":"https:\/\/www.sigridlindemann.com\/en\/wp-json\/wp\/v2\/pages"}],"about":[{"href":"https:\/\/www.sigridlindemann.com\/en\/wp-json\/wp\/v2\/types\/page"}],"author":[{"embeddable":true,"href":"https:\/\/www.sigridlindemann.com\/en\/wp-json\/wp\/v2\/users\/1"}],"replies":[{"embeddable":true,"href":"https:\/\/www.sigridlindemann.com\/en\/wp-json\/wp\/v2\/comments?post=1445"}],"version-history":[{"count":0,"href":"https:\/\/www.sigridlindemann.com\/en\/wp-json\/wp\/v2\/pages\/1445\/revisions"}],"wp:attachment":[{"href":"https:\/\/www.sigridlindemann.com\/en\/wp-json\/wp\/v2\/media?parent=1445"}],"curies":[{"name":"wp","href":"https:\/\/api.w.org\/{rel}","templated":true}]}}