{"id":1448,"date":"2016-10-12T10:03:10","date_gmt":"2016-10-12T10:03:10","guid":{"rendered":"https:\/\/www.sigridlindemann.com\/?page_id=1448"},"modified":"2016-10-16T19:00:02","modified_gmt":"2016-10-16T19:00:02","slug":"3-days-carbohydrates-morrison-and-sankarans-work-in-videocases","status":"publish","type":"page","link":"https:\/\/www.sigridlindemann.com\/en\/3-days-carbohydrates-morrison-and-sankarans-work-in-videocases\/","title":{"rendered":"3 Days Carbohydrates &#8211; Morrison and Sankarans work in Videocases"},"content":{"rendered":"<p>Detaillierte Pr\u00e4sentation der Elemente der 2. Reihe des Periodensystems, und ihrer Analogie zum Geburtsprozess und zur Entwicklung des Menschen.<\/p>\n<p><strong><em>Jayesh Shah machte eine gro\u00dfe Entdeckung: die Thematik\u00a0 der 2. Reihe des Periodensystems\u00a0 entspricht dem Geburtsprozess ! <\/em><\/strong><\/p>\n<p>Wie dies in der Praxis aussieht zeigen 8 Videof\u00e4lle mit mehrj\u00e4hrigem Folgeverlauf.<\/p>\n<p>Mit langj\u00e4hriger Erfahrung sehe ich, dass diese Patienten sehr hilfebed\u00fcrftig sind, aber nie ein gutes Mittel f\u00fcr sie gefunden wird. Oft ist schon das Naturreich unklar! Nur der Geburtsprozess erkl\u00e4rt ihr inneres Empfinden und sogar ihre Pathologie.<\/p>\n<p>Im dreit\u00e4gigen Seminar stelle ich sehr detailliert die Elemente der 2. Reihe\u00a0 und ihrer Analogie zum Geburtsprozess und Entwicklung des Menschen vor.\u00a0 Im Videofall sehen wir Patienten die mit\u00a0 verschiedenen reinen Kohlenstoffen, S\u00e4uren und Verbindungen heilen.\u00a0 Wichtig in der Praxis ist die pr\u00e4zise Charakterisierung von Stickstoff, Wasserstoff, Sauerstoff und Kohlenstoff. Weiter geht es in die\u00a0 DD zu pflanzlichen und tierischen Heilmitteln. Dieses Seminar zeigt das Verst\u00e4ndnis der 2. Reihe nach Sankaran`s\u00a0 wie in \u201eStruktur\u201c beschrieben.\u00a0 Die gro\u00dfe Auswahl der Kohlenwasserstoffe erm\u00f6glicht durch\u00a0 Roger Morrison`s \u201eKohlenstoff\u201c und seiner\u00a0 hom\u00f6opathischen Betrachtung der chemischen Systematik der Kohlenwasserstoffe.<\/p>\n<p>Dieses Seminar richtet sich an Hom\u00f6opathen die schon mit der Empfindungsmethode arbeiten.<\/p>\n<p>Die DZHVAE hat f\u00fcr diese Veranstaltung 27 Fortbildungspunkte\u00a0 genehmigt.<\/p>\n<p>Anmeldung bei Petra Friedrich <a href=\"&#x6d;&#97;i&#x6c;&#116;o&#x3a;&#x69;&#110;&#x66;&#x6f;&#64;n&#x61;&#116;u&#x72;&#x68;&#101;&#x69;&#x6c;&#112;r&#x61;&#120;i&#x73;&#x2d;&#112;&#x65;&#x74;&#114;a&#x66;&#114;i&#x65;&#x64;&#114;&#x69;&#x63;&#104;&#46;&#x64;&#101;\">info&#64;nat&#117;&#114;&#104;&#101;&#105;&#108;&#112;&#114;&#97;&#120;&#x69;&#x73;&#x2d;&#x70;&#x65;&#x74;&#x72;&#x61;&#x66;&#x72;&#x69;&#x65;&#x64;&#x72;&#x69;ch&#46;de<\/a> 015770152890 <a href=\"http:\/\/www.naturheilpraxis-petrafriedrich.de\">www.naturheilpraxis-petrafriedrich.de<\/a><\/p>\n","protected":false},"excerpt":{"rendered":"<p>Detaillierte Pr\u00e4sentation der Elemente der 2. Reihe des Periodensystems, und ihrer Analogie zum Geburtsprozess und zur Entwicklung des Menschen. Jayesh Shah machte eine gro\u00dfe Entdeckung:<\/p>\n","protected":false},"author":1,"featured_media":0,"parent":0,"menu_order":0,"comment_status":"closed","ping_status":"closed","template":"","meta":{"footnotes":""},"class_list":["post-1448","page","type-page","status-publish","hentry"],"translation":{"provider":"WPGlobus","version":"3.0.2","language":"en","enabled_languages":["de","en"],"languages":{"de":{"title":true,"content":true,"excerpt":false},"en":{"title":true,"content":true,"excerpt":false}}},"aioseo_notices":[],"_links":{"self":[{"href":"https:\/\/www.sigridlindemann.com\/en\/wp-json\/wp\/v2\/pages\/1448","targetHints":{"allow":["GET"]}}],"collection":[{"href":"https:\/\/www.sigridlindemann.com\/en\/wp-json\/wp\/v2\/pages"}],"about":[{"href":"https:\/\/www.sigridlindemann.com\/en\/wp-json\/wp\/v2\/types\/page"}],"author":[{"embeddable":true,"href":"https:\/\/www.sigridlindemann.com\/en\/wp-json\/wp\/v2\/users\/1"}],"replies":[{"embeddable":true,"href":"https:\/\/www.sigridlindemann.com\/en\/wp-json\/wp\/v2\/comments?post=1448"}],"version-history":[{"count":0,"href":"https:\/\/www.sigridlindemann.com\/en\/wp-json\/wp\/v2\/pages\/1448\/revisions"}],"wp:attachment":[{"href":"https:\/\/www.sigridlindemann.com\/en\/wp-json\/wp\/v2\/media?parent=1448"}],"curies":[{"name":"wp","href":"https:\/\/api.w.org\/{rel}","templated":true}]}}