{"id":1549,"date":"2018-04-05T10:00:17","date_gmt":"2018-04-05T10:00:17","guid":{"rendered":"https:\/\/www.sigridlindemann.com\/?page_id=1549"},"modified":"2026-01-15T14:32:51","modified_gmt":"2026-01-15T14:32:51","slug":"online-training","status":"publish","type":"page","link":"https:\/\/www.sigridlindemann.com\/en\/online-training\/","title":{"rendered":"Online training"},"content":{"rendered":"<p><strong>Online &#8211; Ausbildung Sankaran- Methode mit Sigrid Lindemann<\/strong><\/p>\n<p><strong>Beginn:<\/strong> 9.Okt 2026\u00a0 <strong>Ende:<\/strong> Fr\u00fchjahr 2027<\/p>\n<p><strong>Umfang<\/strong>: 4 Module a 20 Stunden mit je \u00a010 Videof\u00e4llen:<\/p>\n<ol>\n<li>Einf\u00fchrung Sankaran Methode 1<\/li>\n<li>Einf\u00fchrung Sankaran Methode 2,<\/li>\n<li>DD der Tiergruppen<\/li>\n<li>Einblicke in die Pflanzenwelt<\/li>\n<\/ol>\n<p>Jedes Modul besteht aus 25 Unterrichtsstunden, verteilt auf 5 Tage, mit jeweils 4 Zeitstunden Online- Unterricht. Insgesamt sind es 4 x 20, also \u00a080 Stunden, dazu kommen 3 LifeAnamnesen.<\/p>\n<p>Anamnesetechnik wird in jedem Fallbespiel Thema sein, dazu werden kurze Anamnese- \u00dcbungen eingeflochten.<\/p>\n<p>Die 4 st\u00fcndigen Webinare werden jeweils an 2 bzw. 3 Folgetagen angeboten:<\/p>\n<p>Frei, Sam, Son : 1. Frei 14- 18 Uhr Sam 14- 18 Uhr, Sonn 9- 13 Uhr &amp;<\/p>\n<ol start=\"2\">\n<li>Teil 14 Tage sp\u00e4ter Sam,\u00a0 Son 9 \u2013 13 Uhr , eventuell stattdessen Freitag 14- 18 Uhr<\/li>\n<\/ol>\n<p>Die Webinare werden aufgezeichnet, und k\u00f6nnen zugesandt werden.<\/p>\n<p>Ausf\u00fchrliche Ausarbeitungen werden zugesandt.<\/p>\n<p><strong>Gesamtunterrichtseinheiten:<\/strong> 4x 5x 4 Stunden, 4x 20 Stunden, insgesamt 80 Stunden<\/p>\n<p><strong>Inhaltliches:<\/strong><\/p>\n<ol>\n<li>Einf\u00fchrung Sankaran Methode 1<\/li>\n<\/ol>\n<p>Einf\u00fchrung in die grundlegenden Konzepte: VitalEmpfindung, 7 Ebenen der Erfahrung, 10 Miasmen, Naturreiche, Anamnese, Fallanalyse \u2013 anhand von Videof\u00e4llen, Powerpoint, und Ausarbeitungen zur Theorie, Einf\u00fchrungsmaterialien<\/p>\n<ol start=\"2\">\n<li>Einf\u00fchrung Sankaran Methode 2,<\/li>\n<\/ol>\n<p>Anamnesetechnik in der Empfindungsmethode, die Naturreiche incl Imponderabilia, Nosoden, Sarkoden, 10 Miasmen, Anamnese bis zur Ursubstanz,\u00a0 neue strukturierte Repertorisierung,\u00a0 Folgeverlauf , Ausbildung anhand von instruktiven Videof\u00e4llen<\/p>\n<ol start=\"3\">\n<li>Einblicke in die Pflanzenwelt ,<\/li>\n<\/ol>\n<p>VitalEmpfindung einiger Pflanzenfamilien, DD, Miasma und VitalEmpfindung , Pr\u00e4zision in der Arbeit mit der genauen Wortwahl in der\u00a0 Anamnese, Lernen anhand von Papier- und Videof\u00e4llen; \u00a0Anamnesetechnik bei pflanzlichen Heilmitteln, Ausblick Sankaran- Yakir &#8211; System<\/p>\n<ol start=\"4\">\n<li>DD der Tiergruppen ,<\/li>\n<\/ol>\n<p>Videof\u00e4lle aller Tiergruppen, h\u00e4ufige DD, Konzept der Superklassen, Miasmen und Tiergruppen, weitere Unterordnungen der Tiergruppen<\/p>\n<p><strong>Unterrichtsgestaltung:<\/strong><\/p>\n<p>Wir arbeiten mit Papier<strong>&#8211; <\/strong>und <strong>vielen <\/strong><strong>Videof\u00e4llen<\/strong>. Interaktion und \u00dcbungen sind uns wichtig. Ausf\u00fchrliche Dokumentation mit Powerpoints und Skripten bringen nachhaltige Lernerfolge.<\/p>\n<p><strong>Kosten: Gesamtkurs 960 Euro, jedes Modul wird einzeln bezahlt , jeweils 240 Euro<\/strong><\/p>\n<p><strong>Ihre Dozentin ist:<\/strong><\/p>\n<p><strong>Sigrid Lindemann<\/strong>, HP, Auroville (Indien) ist Dozentin von WISH (World Institute for Sensation Homeopathy) , <a href=\"https:\/\/www.wish4healing.net\/\">https:\/\/www.wish4healing.net\/<\/a> und SHZ zertifiziert. Sie unterrichtet die Methode seit 2004 in Seminaren, seit 2020 in Webinaren. Ihr gut strukturierter, lebendiger Vortragsstil, die eindrucksvollen Videof\u00e4lle und die vielen schriftlichen Ausarbeitungen sind ideal f\u00fcr ein erfolgreiches Erlernen der Empfindungsmethode. Ver\u00f6ffentlichungen\u00a0 seit \u00fcber 15 Jahren in der \u201eHom\u00f6opathia viva\u201c und \u201eSpektrum der Hom\u00f6opathie\u201c <a href=\"https:\/\/www.sigridlindemann.com\">www.sigridlindemann.com<\/a><\/p>\n<p><strong>FOBI-Punkte<\/strong> des DZHVAE werden beantragt. Die bisherigen Webinare wurden bereits vom DVZHAE f\u00fcr das Hom\u00f6opathie Diplom, und von der SHZ anerkannt.<\/p>\n<p><strong>Termine <\/strong><\/p>\n<p>1.Modul Einf\u00fchrung 9., 10., 11\u00a0 Okt, und 23., 24. Okt<\/p>\n<p>2. Modul\u00a0 Einf\u00fchrung 2. Teil\u00a0 \u00a0 13. 14.,15.\u00a0 Nov und 27., 28. Nov\u00a0 \u00a02026<\/p>\n<p>3.Modul DD der Tiergruppen\u00a0 15., 16., 17.,\u00a0 Januar \u00a0und 29., 30. Januar<\/p>\n<p>4.Modul\u00a0 Pflanzensystematik M. Yakir und Sankaran \u2013\u00a0 \u00a0 12.,13., 14.Februar, 26., 27. Feb<\/p>\n<p>&nbsp;<\/p>\n<p>&nbsp;<\/p>\n<p>&nbsp;<\/p>\n<p>&nbsp;<\/p>\n","protected":false},"excerpt":{"rendered":"<p>Online &#8211; Ausbildung Sankaran- Methode mit Sigrid Lindemann Beginn: 9.Okt 2026\u00a0 Ende: Fr\u00fchjahr 2027 Umfang: 4 Module a 20 Stunden mit je \u00a010 Videof\u00e4llen: Einf\u00fchrung<\/p>\n","protected":false},"author":1,"featured_media":2073,"parent":0,"menu_order":0,"comment_status":"closed","ping_status":"closed","template":"","meta":{"footnotes":""},"class_list":["post-1549","page","type-page","status-publish","has-post-thumbnail","hentry"],"translation":{"provider":"WPGlobus","version":"3.0.2","language":"en","enabled_languages":["de","en"],"languages":{"de":{"title":true,"content":true,"excerpt":false},"en":{"title":true,"content":false,"excerpt":false}}},"aioseo_notices":[],"_links":{"self":[{"href":"https:\/\/www.sigridlindemann.com\/en\/wp-json\/wp\/v2\/pages\/1549","targetHints":{"allow":["GET"]}}],"collection":[{"href":"https:\/\/www.sigridlindemann.com\/en\/wp-json\/wp\/v2\/pages"}],"about":[{"href":"https:\/\/www.sigridlindemann.com\/en\/wp-json\/wp\/v2\/types\/page"}],"author":[{"embeddable":true,"href":"https:\/\/www.sigridlindemann.com\/en\/wp-json\/wp\/v2\/users\/1"}],"replies":[{"embeddable":true,"href":"https:\/\/www.sigridlindemann.com\/en\/wp-json\/wp\/v2\/comments?post=1549"}],"version-history":[{"count":5,"href":"https:\/\/www.sigridlindemann.com\/en\/wp-json\/wp\/v2\/pages\/1549\/revisions"}],"predecessor-version":[{"id":2193,"href":"https:\/\/www.sigridlindemann.com\/en\/wp-json\/wp\/v2\/pages\/1549\/revisions\/2193"}],"wp:featuredmedia":[{"embeddable":true,"href":"https:\/\/www.sigridlindemann.com\/en\/wp-json\/wp\/v2\/media\/2073"}],"wp:attachment":[{"href":"https:\/\/www.sigridlindemann.com\/en\/wp-json\/wp\/v2\/media?parent=1549"}],"curies":[{"name":"wp","href":"https:\/\/api.w.org\/{rel}","templated":true}]}}