{"id":2031,"date":"2023-11-26T07:55:26","date_gmt":"2023-11-26T07:55:26","guid":{"rendered":"https:\/\/www.sigridlindemann.com\/?page_id=2031"},"modified":"2023-11-26T07:58:34","modified_gmt":"2023-11-26T07:58:34","slug":"global-summit-deutsch","status":"publish","type":"page","link":"https:\/\/www.sigridlindemann.com\/en\/global-summit-deutsch\/","title":{"rendered":"Global Summit deutsch"},"content":{"rendered":"<p><img loading=\"lazy\" decoding=\"async\" class=\"size-medium wp-image-2009 alignleft\" src=\"https:\/\/www.sigridlindemann.com\/wp-content\/uploads\/2023\/10\/sigrid-rose-2-300x300.jpg\" alt=\"\" width=\"300\" height=\"300\" srcset=\"https:\/\/www.sigridlindemann.com\/wp-content\/uploads\/2023\/10\/sigrid-rose-2-300x300.jpg 300w, https:\/\/www.sigridlindemann.com\/wp-content\/uploads\/2023\/10\/sigrid-rose-2-1024x1024.jpg 1024w, https:\/\/www.sigridlindemann.com\/wp-content\/uploads\/2023\/10\/sigrid-rose-2-150x150.jpg 150w, https:\/\/www.sigridlindemann.com\/wp-content\/uploads\/2023\/10\/sigrid-rose-2-768x768.jpg 768w, https:\/\/www.sigridlindemann.com\/wp-content\/uploads\/2023\/10\/sigrid-rose-2-109x109.jpg 109w, https:\/\/www.sigridlindemann.com\/wp-content\/uploads\/2023\/10\/sigrid-rose-2-100x100.jpg 100w, https:\/\/www.sigridlindemann.com\/wp-content\/uploads\/2023\/10\/sigrid-rose-2-1536x1536.jpg 1536w, https:\/\/www.sigridlindemann.com\/wp-content\/uploads\/2023\/10\/sigrid-rose-2-2048x2048.jpg 2048w, https:\/\/www.sigridlindemann.com\/wp-content\/uploads\/2023\/10\/sigrid-rose-2-800x800.jpg 800w\" sizes=\"auto, (max-width: 300px) 100vw, 300px\" \/>\u200b<strong>Global Summit &#8220;Imponderabilia, Sarkoden und Evolution&#8221;<\/strong><\/p>\n<p>In den ersten Novembertagen fand ein globaler Online-Hom\u00f6opathiekongress statt, bei dem \u00fcber 30 f\u00fchrende Hom\u00f6opathen aus 20 L\u00e4ndern ihre Fragen und Erkenntnisse auf ihren jeweiligen Forschungsgebieten austauschten. Das Thema dieses von &#8220;Via Homeopathica&#8221; organisierten internationalen Online Veranstaltung lautete &#8220;Imponderables, Sarcodes and Evolution&#8221;. Es war ein Feuerwerk der neuesten Forschungen und Erkenntnisse der erfahrensten Hom\u00f6opathen und Hom\u00f6opathielehrer weltweit.<\/p>\n<p>In der Empfindungsmethode werden seltene Mittel in so genannten &#8220;Quellenf\u00e4llen&#8221; verordnet, und einige dieser Mittel sind nicht in Materia Medica und Repertorisationen erw\u00e4hnt, nicht einmal in den neuesten Repertorien wie dem von Dr. Sankaran erstellten &#8220;Reliable Repertory&#8221; und Complete Dynamics.<\/p>\n<p>Es ist daher nicht verwunderlich, dass f\u00fchrende Sensation Method Hom\u00f6opathen &#8211; Andreas Holling, Wyka Feige und Sigrid Lindemann \u2013 zur <strong>Weiterentwicklung der Materia Medica der Imponderabilia<\/strong> beitrugen:<\/p>\n<p>Andreas Holling pr\u00e4sentierte seine Forschungen zur Imponderabilia &#8220;Sonnenfinsternis&#8221;, \u00a0und ein Fallbeispiel des Heilmittels &#8220;Tempeste&#8221; \u2013 Gewitterwolke. Er untermauerte dies mit einer Falldarstellung von Jacques Echard (Fallpr\u00e4sentation 2008).<\/p>\n<p>Sigrid Lindemann gab eine zweist\u00fcndige, aufgezeichnete Einf\u00fchrung in die Gruppe der Imponderabilien. Sie entschl\u00fcsselte sie, wie in den verschiedenen Imponderabilien Materie und Energie auf einzigartige Weise zusammenwirken. Sie gab einen \u00dcberblick \u00fcber die irdischen und kosmischen Imponderabilien und pr\u00e4sentiert eine Strategie zur Mittelfindung und effektiven Verschreibung. Sie beschrieb die Problematik, die Imponderabilia Patienten erfahren und erl\u00e4uterte, was Heilung in diesem Zusammenhang konkret bedeutet.<\/p>\n<p>Sigrid Lindemann`s Praxiserfahrungen mit dem Verschreiben von \u00fcber einem Dutzend verschiedener Imponderabilien \u00a0wurde am Beispiel von f\u00fcnf beeindruckenden kurzen Fallbeispielen der Heilmittel \u201cPositronium\u201d (Mittelpr\u00fcfung Misha Norland) und \u201cSchwarzes Loch\u201d (Cygnus-X, Mittelpr\u00fcfung Jason-Aeric H\u00fcnecke). Eine Differentialdiagnose der Imponderabilia mit den radioaktiven Heilmitteln und der Gruppe der Edelsteine rundete ihren Vortrag ab.<\/p>\n<p>Ihre Lifesession am 3.Tag des Webinars fokussiert\u00a0 auf das Gruppenthema der Imponderabilia und zeichnet den Folgeverlauf nach der Mittelgabe von \u201cJupiter\u201d (Mittelpr\u00fcfung Olga Fatoula) nach &#8211; ein Videofall mit dokumentierter Heilung \u00fcber mehrere Jahre.<\/p>\n<p>Wyka Feige pr\u00e4sentierte einen au\u00dfergew\u00f6hnlichen Fall des Heilmittels \u00a0\u201cElectricitas\u201d. Dieses Mittel wurde erfolgreich f\u00fcr einem jungen Patienten verschrieben, der an einem wiederkehrenden Hirntumor litt. Das Imponderabilia \u201cElectricitas\u201d wurde schon 1900 in Clarke`s Materia Medica aufgef\u00fchrt, aber bisher vermutlich selten verschrieben.<\/p>\n<p><strong>Mehr \u00fcber Imponderabilien<\/strong><\/p>\n<p>Hom\u00f6opathen aus der ganzen Welt tauschten hochrelevante Erkenntnisse aus:<\/p>\n<p>Roland G\u00fcnther stellte seine Erkenntnisse \u00fcber das Heilmittel &#8220;Ultraschall&#8221; vor und empfiehlt es besonders, wenn in der Schwangerschaft ungew\u00f6hnlich h\u00e4ufig Ultraschalluntersuchungen durchgef\u00fchrt wurden.<\/p>\n<p>Roman Buchimensky berichtete von seiner Erfahrung mit einer Patientin, welche positiv auf eine Gabe von Lux &#8211; Stella Polaris, Nordlicht reagierte. Das Heilmittel Polaris wurde von Jeremey Sherr gepr\u00fcft.\u00a0 Der Stern Polaris ist \u201cnur\u201d gesch\u00e4tzte 433 Lichtjahre entfernt&#8230;<\/p>\n<p>Die russische Hom\u00f6opathin und Pr\u00fcfungsleiterin Olga Fatula pr\u00e4sentierte einen Fall von \u201cSaturn\u201d, welches sie selbst gepr\u00fcft hat. Die englische \u00dcbersetzung ist bald verf\u00fcgbar.<\/p>\n<p>Andreas Bjorndal aus Norwegen, der in der ECCH (European Council of Classical Homeopathy) langj\u00e4hrig \u00a0aktiv ist, stellte seine Forschungen zum Thema \u201cMethodik der Mittelpr\u00fcfungen\u201d vor. Hierbei lie\u00df keine Frage ungefragt und seine Forschungsergebnisse brechen mit vielen allgemein akzeptierten Grunds\u00e4tzen. Andreas Bj\u00f6rndal hat seit 2008 jedes Jahr mindestens zehn Mittelpr\u00fcfungen durchgef\u00fchrt. Dazu geh\u00f6ren systematische Pr\u00fcfungen von kosmischen Energien wie die der Sterne, aber auch von Edelsteinen und vielen ungew\u00f6hnlicheren &#8220;Pr\u00fcfsubstanzen&#8221;.<\/p>\n<p><strong>Sarkoden und Nosoden<\/strong><\/p>\n<p>Gaurang Gaikwad von Dr. Sankarans Team in Mumbai hielt einen sehr aufschlussreichen Vortrag \u00fcber &#8220;Sarkoden in komplizierten und pathologischen F\u00e4llen&#8221;.<\/p>\n<p>Dr. Ajit Kulkarni, ein sehr bekannter indischer Hom\u00f6opathielehrer, unterrichtete auf der Basis seiner jahrzehntelange Erfahrung mit Sarkoden: &#8220;Jedes Organ hat ein Bewusstsein&#8221;. Das Ziel des Vortrags von Ajit Kulkarni ist in seinem Artikel &#8220;Warum jeder Hom\u00f6opath in der Lage sein sollte, Sarkoden zur Heilung eines Patienten einzusetzen&#8221; beschrieben. Bei der Anmeldung zum \u201cGlobal Summit\u201d wird dieser Artikel als Geschenk zugeschickt.<\/p>\n<p>Alize Timmermans sprach \u00fcber das Heilmittel &#8220;Menstruationsblut&#8221; und berichtete \u00fcber ihre Erkenntnisse bei der Wiederherstellung der Gesundheit von Frauen mithilfe verschiedener hom\u00f6opathischer Hormonmittel.<\/p>\n<p>Kate Birch stellte ihre Ergebnisse einer sehr gr\u00fcndlichen Forschungsstudie mit einer gro\u00dfen Gruppe von Teilnehmern \u00fcber die Covid-Nosode vor, die es verdient weltweit ver\u00f6ffentlicht zu werden.<\/p>\n<p><strong>Globale Mittelpr\u00fcfung<\/strong><\/p>\n<p>Chetna Shukla und Eileen Nauman hatten im Juli 2023 eine globale Mittelpr\u00fcfung begonnen. Hier auf dem Global Summit wurde nun die Pr\u00fcfungssubstanz bekanntgegeben: Es handelt sich um einen Halbedelstein namens Shungit, ein schwarzer Stein und elementarer Kohlenstoff.\u00a0 (Erh\u00e4ltlich bei Helios Pharmacy). In esoterischen Kreisen hei\u00dft es, dass dieser Stein die F\u00e4higkeit hat, \u00a0elektromagnetische Frequenzen abzuwehren, einschlie\u00dflich 5G Frequenzen. Alle warten jetzt mit Spannung auf die Zusammenfassung der Erfahrungen der Mittelpr\u00fcfer in einem abschliessenden Bericht.<\/p>\n<p><strong>Heilmittelzubereitung \u2013 auch hier neue Wege<\/strong><\/p>\n<p>Auch im heilige Gral der Posologie &#8211; der Gabe der hom\u00f6opathischen Heilmittel als \u00a0&#8220;Globuli und fl\u00fcssige Zubereitungen&#8221; gibt es neue Wege:<\/p>\n<p>Eine zweite Erkenntnis dieser globalen Mittelpr\u00fcfung ist die Best\u00e4tigung, dass &#8220;hom\u00f6opathische Frequenzmittel&#8221; funktionieren: Ein Teil der Pr\u00fcfungsteilnehmer &#8220;nahm&#8221; das Mittel als &#8220;hom\u00f6opathische Frequenz&#8221; ein: Sie h\u00f6rten eine speziell aufbereitete Audiodatei. Dies hatte dieselbe Wirkung wie die Gabe des hom\u00f6opathischen Mittels in Form von Globuli. Oder liegt der Effekt einfach an der Synergie, dem morphogenetischen Feld der Pr\u00fcfsubstanz?<\/p>\n<p>Weitere Forschung ist sicherlich willkommen &#8211; aber die Wirkung von hom\u00f6opathischen Frequenzmitteln hat sich inzwischen best\u00e4tigt:<\/p>\n<p>Roman Buchimensky und sein Team haben 2020 begonnen, Online-Pr\u00fcfungen mit Frequenzmitteln durchzuf\u00fchren, und das funktioniert: \u00dcber 30 Pr\u00fcfer berichteten damals \u00fcber vielf\u00e4ltige Symptome in K\u00f6rper und Geist. Das hom\u00f6opathische Mittel war &#8220;Arnica Montana&#8221; &#8211; \u00a0als Frequenz.\u00a0 Seitdem setzen Roman Buchimensky und sein Team dies Frequenzmittel effektiv bei Patienten ein: Diese k\u00f6nnen direkt \u00fcber das Internet an den Patienten geschickt werden. Diese Form der Verabreichung von Hom\u00f6opathie zur Heilung kann all die Patienten unterst\u00fctzen, die keinen Zugang zu \u00a0hom\u00f6opathischen Heilmitteln und Apotheken haben, wie beispielsweise Projekte in afrikanischen L\u00e4ndern.<\/p>\n<p>Die weltbekannten Hom\u00f6opathinnen Deborah Collins und Eileen Nauman gaben Einblicke in die Arbeit mit &#8220;noetischen Mitteln&#8221;: Darunter verstehen sie das Erzeugen einer heilenden Wirkung einer hom\u00f6opathischen Information durch Intention und Bewusstsein, \u00e4hnlich wie bei der Verabreichung eines hom\u00f6opathischen Mittels.<\/p>\n<p>Dieser Global Summit hat mich sehr ber\u00fchrt, ja verzaubert: Hom\u00f6opathie wirkt. Es ist Wissenschaft, und auch etwas Magie? \u00a0Es gibt so viele M\u00f6glichkeiten der Heilung durch Bewusstsein. Und die ultimative Frage steht im Raum: &#8220;Was ist Hom\u00f6opathie&#8221;?<\/p>\n<p>Alle Vortr\u00e4ge sind auf der Website \u00a0http:\/\/viahomeopatica.info\/summit2023\/eng \u00a0Bei Verweis auf\u00a0 RAD20 wird 5% Rabatt gegeben.<\/p>\n<p>p.p.s. F\u00fcr die Teilnehmer des Gipfels wird ein Erste-Hilfe-Kit mit hom\u00f6opathischen Frequenzen unw\u00e4gbarer Heilmittel f\u00fcr einen Zeitraum von 3 Monaten kostenlos zur Verf\u00fcgung gestellt.<\/p>\n<p>&nbsp;<\/p>\n","protected":false},"excerpt":{"rendered":"<p>\u200bGlobal Summit &#8220;Imponderabilia, Sarkoden und Evolution&#8221; In den ersten Novembertagen fand ein globaler Online-Hom\u00f6opathiekongress statt, bei dem \u00fcber 30 f\u00fchrende Hom\u00f6opathen aus 20 L\u00e4ndern ihre<\/p>\n","protected":false},"author":1,"featured_media":0,"parent":0,"menu_order":0,"comment_status":"closed","ping_status":"closed","template":"","meta":{"footnotes":""},"class_list":["post-2031","page","type-page","status-publish","hentry"],"translation":{"provider":"WPGlobus","version":"3.0.2","language":"en","enabled_languages":["de","en"],"languages":{"de":{"title":true,"content":true,"excerpt":false},"en":{"title":false,"content":false,"excerpt":false}}},"aioseo_notices":[],"_links":{"self":[{"href":"https:\/\/www.sigridlindemann.com\/en\/wp-json\/wp\/v2\/pages\/2031","targetHints":{"allow":["GET"]}}],"collection":[{"href":"https:\/\/www.sigridlindemann.com\/en\/wp-json\/wp\/v2\/pages"}],"about":[{"href":"https:\/\/www.sigridlindemann.com\/en\/wp-json\/wp\/v2\/types\/page"}],"author":[{"embeddable":true,"href":"https:\/\/www.sigridlindemann.com\/en\/wp-json\/wp\/v2\/users\/1"}],"replies":[{"embeddable":true,"href":"https:\/\/www.sigridlindemann.com\/en\/wp-json\/wp\/v2\/comments?post=2031"}],"version-history":[{"count":0,"href":"https:\/\/www.sigridlindemann.com\/en\/wp-json\/wp\/v2\/pages\/2031\/revisions"}],"wp:attachment":[{"href":"https:\/\/www.sigridlindemann.com\/en\/wp-json\/wp\/v2\/media?parent=2031"}],"curies":[{"name":"wp","href":"https:\/\/api.w.org\/{rel}","templated":true}]}}