{"id":2041,"date":"2023-12-11T16:17:52","date_gmt":"2023-12-11T16:17:52","guid":{"rendered":"https:\/\/www.sigridlindemann.com\/?page_id=2041"},"modified":"2026-04-27T04:57:04","modified_gmt":"2026-04-27T04:57:04","slug":"webinars-2026","status":"publish","type":"page","link":"https:\/\/www.sigridlindemann.com\/en\/webinars-2026\/","title":{"rendered":"Webinare Fr\u00fchjahr 2026"},"content":{"rendered":"<p><strong>Edelsteine und Steine in der Hom\u00f6opathie<\/strong><\/p>\n<p><em>Die Thematik der Steine: alt, komplex und starr,<\/em><\/p>\n<p>Ein \u00dcberblick \u00fcber die Systematik, von Shungit und Diamant zu Smaragd, Amethyst und Tourmalin! Neue Mittelpr\u00fcfungen zu Shungite und Tigerauge, mit ersten Fallbeispielen<\/p>\n<p>Video \u2013 und Papierf\u00e4lle zu 8 Heil-steinen, DD zu Imponderabilia, Magnet, \u00a0Hekla Lava etc.<\/p>\n<p>Termin 3. &amp; 10. Juni\u00a0 \u00a018- 20.30 Uhr \u00a0\u00a06 Fobi des DZVHAE genehmigt,\u00a0 Beitrag\u00a0 75 Euro<\/p>\n<p><strong><em>Monatlicher Hom\u00f6opathie &#8211;\u00a0 Tonic <\/em><\/strong><\/p>\n<p>Ich biete den 5. Zyklus dreist\u00fcndiger Webinare an, in denen der aktuelle Kenntnisstand der Sankaran- Methode vermittelt wird, u.a. Sankarans \u201eSuperklassen\u201c,\u00a0 die Pflanzensystematik nach Yakir und nat\u00fcrlich neue Mittelgruppen und Erweiterungen der Materia Medica. Hierzu wird ganz anschaulich jeweils ein Fallbeispiel und\/oder ein Supervisionsfall ausf\u00fchrlich und mit DD vorgestellt. Dazu gibt es Tips f\u00fcr die Anamnesef\u00fchrung, und wo immer m\u00f6glich der Folgeverlauf.\u00a0 Dieses Angebot ist f\u00fcr die Hom\u00f6opathinnen gedacht, die mit der Sankaran- Methode arbeiten und die hiermit ihr Wissen auffrischen und weiter ausbauen m\u00f6chten.<\/p>\n<p>Der 5. Zyklus\u00a0 zum Thema \u201eDie Subklassen als Strategie bei der\u00a0 konstitutionellen Verschreibung in Kinderf\u00e4llen\u201c<\/p>\n<p>Termine\u00a0 27. Mai, 24. Juni, 23. Sept, 21. Okt\u00a0 \u00a0 \u00a0jeweils Mittwochs 15- 18 Uhr, Beitrag 160 Euro<\/p>\n<p>Insgesamt wurden 16 Fobi des DZVHAE\u00a0 beantragt.<\/p>\n<p>Folgende &#8220;Tonics&#8221;\u00a0 &#8211; 4x 3 Stunden, sind als Aufzeichnung erh\u00e4ltlich:<\/p>\n<p><strong>Einf\u00fchrung in die Empfindungsmethode <\/strong><\/p>\n<p>Jeweils eine 4 st\u00fcndige Einf\u00fchrung \u00a0in die Grundlagen \u00a0&#8211; \u201eDas andere Lied\u201c, Naturreiche, Ebenen der Erfahrung, Anamnesetechnik, Superklassen und ein Videofall zur Illustration.<\/p>\n<p>Zeit\u00a0 jeweils um 15- 18 Uhr, am 13. Mai, 10. Juni, 8. Juli, \u00a0\u00a0jeweils 15- 18 Uhr<\/p>\n<p>4 Fobi des DZVHAE\u00a0 genehmigt<\/p>\n<p>Sigrid Lindemann unterrichtet die Empfindungsmethode seit 2004 mit Videoseminaren. Inzwischen hat sie 90 Videof\u00e4lle und 15 verschiedene dreit\u00e4gige Seminare zu verschiedenen Themen der Hom\u00f6opathie zusammengestellt. Sigrid Lindemann ist Mitglied vom \u201eWorld Institute of Sensation Homeopathy\u201c WISH https:\/\/www.wish4healing.net\/ und bekannt durch ihre Fachartikel und Ver\u00f6ffentlichungen in der \u201eHom\u00f6opathia Viva\u201c und \u201eSpektrum der Hom\u00f6opathie\u201c.<\/p>\n<p>Sigrid Lindemann ist eine erfahrene Traumatherapeutin, und hat ihre langj\u00e4hrige Erfahrung als Integrale Regressionstherapie, eine h\u00f6chst effektive Integration von Traumarbeit, Innere Kind Arbeit, Energiearbeit<\/p>\n<p>Folgende &#8220;Tonics&#8221;\u00a0 &#8211; 4x 3 Stunden, sind als Aufzeichnung erh\u00e4ltlich:<\/p>\n<p>1.Zyklus \u201e <strong><em>Eidechsen, W\u00fcrgeschlangen, Gr\u00e4ser, Leguminosen, sowie Sankarans Superklassen, Folgeverlauf, Anamnesetechnik\u201c. <\/em><\/strong><\/p>\n<p>2.Zyklus \u201e <strong><em>3. Superklasse \u2013 Caryophylladae, V\u00f6gel, Steine<\/em><\/strong>\u201c<\/p>\n<p>3.Zyklus \u201e<strong><em>Fr\u00fche Pflanzen, fr\u00fche Tiere, Pilze, Flechten\u201c<\/em><\/strong><\/p>\n<p>4. Zyklus &#8220;4. Subklasse &#8211; Dilleniidae- Cucurbitae, 4. Reihe Salze, S\u00e4ugetiere<\/p>\n<p>Die aufgezeichneten \u201e Tonics\u201c sind zum Preis von 120 Euro\u00a0 erh\u00e4ltlich.<\/p>\n","protected":false},"excerpt":{"rendered":"<p>Edelsteine und Steine in der Hom\u00f6opathie Die Thematik der Steine: alt, komplex und starr, Ein \u00dcberblick \u00fcber die Systematik, von Shungit und Diamant zu Smaragd,<\/p>\n","protected":false},"author":1,"featured_media":0,"parent":0,"menu_order":0,"comment_status":"closed","ping_status":"closed","template":"","meta":{"footnotes":""},"class_list":["post-2041","page","type-page","status-publish","hentry"],"translation":{"provider":"WPGlobus","version":"3.0.2","language":"en","enabled_languages":["de","en"],"languages":{"de":{"title":true,"content":true,"excerpt":false},"en":{"title":false,"content":false,"excerpt":false}}},"aioseo_notices":[],"_links":{"self":[{"href":"https:\/\/www.sigridlindemann.com\/en\/wp-json\/wp\/v2\/pages\/2041","targetHints":{"allow":["GET"]}}],"collection":[{"href":"https:\/\/www.sigridlindemann.com\/en\/wp-json\/wp\/v2\/pages"}],"about":[{"href":"https:\/\/www.sigridlindemann.com\/en\/wp-json\/wp\/v2\/types\/page"}],"author":[{"embeddable":true,"href":"https:\/\/www.sigridlindemann.com\/en\/wp-json\/wp\/v2\/users\/1"}],"replies":[{"embeddable":true,"href":"https:\/\/www.sigridlindemann.com\/en\/wp-json\/wp\/v2\/comments?post=2041"}],"version-history":[{"count":10,"href":"https:\/\/www.sigridlindemann.com\/en\/wp-json\/wp\/v2\/pages\/2041\/revisions"}],"predecessor-version":[{"id":2223,"href":"https:\/\/www.sigridlindemann.com\/en\/wp-json\/wp\/v2\/pages\/2041\/revisions\/2223"}],"wp:attachment":[{"href":"https:\/\/www.sigridlindemann.com\/en\/wp-json\/wp\/v2\/media?parent=2041"}],"curies":[{"name":"wp","href":"https:\/\/api.w.org\/{rel}","templated":true}]}}