{"id":2225,"date":"2026-04-27T05:03:14","date_gmt":"2026-04-27T05:03:14","guid":{"rendered":"https:\/\/www.sigridlindemann.com\/?page_id=2225"},"modified":"2026-04-27T05:08:05","modified_gmt":"2026-04-27T05:08:05","slug":"webinare-herbst-2026","status":"publish","type":"page","link":"https:\/\/www.sigridlindemann.com\/en\/webinare-herbst-2026\/","title":{"rendered":"Webinare Herbst 2026"},"content":{"rendered":"<p><strong>Einf\u00fchrung in die Empfindungsmethode <\/strong><\/p>\n<p>Jeweils eine 4 st\u00fcndige Einf\u00fchrung \u00a0in die Grundlagen:<\/p>\n<p>&#8211; \u201eDas andere Lied\u201c, die \u00a0Naturreiche, die Ebenen der Erfahrung, Anamnesetechnik, Superklassen und ein einpr\u00e4gsamer Videofall zur Illustration dieser Herangehensweise, die mit dem subjektiven Erleben des Patienten zur Mittelwahl gelangt.<\/p>\n<p>Es wurden jeweils 4 Fortbildungspunkte des DZVHAE genehmigt<\/p>\n<p>Termine dieser\u00a0 Einf\u00fchrung : 13. Mai, 11. Juni, 8. Juli, 19. Aug, 17. Sept, 7. Okt jeweils Mittwochs 15- 18 Uhr, \u00a0(11. Juni Donnerstag)<\/p>\n<p><strong>Wasser? Fallbeispiele zu Aqua Sanicula, Aqua Terra und Aqua Marina \u2026<\/strong><\/p>\n<p>Die Hom\u00f6opathie kennt die Heilkraft des Wassers aus der Naturheilkunde seit mehr als 100 Jahren. Es gibt \u00fcber 100 hom\u00f6opathische \u201eWasser-heilmittel\u201c \u2013 Quellen wie Sanicula, Carlsbad, Adelheide etc., und es gibt neuere Mittelpr\u00fcfungen wie Aqua Nova, Aqua marina, und Aqua Terra.<\/p>\n<p>Nach einem \u00dcberblick \u00fcber die \u201eWasser- Heilmittel\u201c, wird die VitalEmpfindung von \u201eWasser\u201c deutlich herausgearbeitet. Ein Blick auf die Arbeit Masabu Emotos, und ein Erfahrungsbericht \u00fcber die Anwendung der \u201eInformations- Heilmittel von Peter Chappel\u201c .<\/p>\n<p>Fallbeispiele mit Videof\u00e4llen zu 3 Wasser- Heilmitteln. DD zu Imponderabilia, Geysir.<\/p>\n<p>Termin 19. &amp; 20. September\u00a0 9- 13 Uhr\u00a0\u00a0 Fobi des DZVHAE beantragt.<\/p>\n<p><strong>Online Ausbildung Sankaran Methode \u00a0&#8211;\u00a0 ab Oktober 2026<\/strong><\/p>\n<p>4x 24 Stunden Unterricht und 3 LifeAnamnesen<\/p>\n<p>Umfangreiches Kursmaterial<\/p>\n<p>Lernen anhand von Videof\u00e4llen<\/p>\n<p>Alle Webinare werden aufgezeichnet und k\u00f6nnen jederzeit angesehen werden.<\/p>\n<p><strong>Modul 1<\/strong>\u00a0\u00a0\u00a0 9., 10., 11 \u00a0Okt und 23., 24. Okt\u00a0 Grundlagen<\/p>\n<p><strong>Modul 2<\/strong>\u00a0\u00a0 \u00a013., 14.,15. Nov und 27., 28. Nov \u00a0Naturreiche, Miasmen<\/p>\n<p>Jeweils wurden 24 Fobi pro Modul f\u00fcr das Hom\u00f6opathiediplom \u00a0genehmigt<\/p>\n<p>Weitere Info auf seperater Seite,<\/p>\n<p><strong>Systematik der S\u00e4ugetiere <\/strong><\/p>\n<p>Nach \u201eS\u00e4ugetiere \u2013 der Evolution auf der Spur\u201c ist dies das 2. Webinar zur gro\u00dfen Gruppe der S\u00e4ugetiere:<\/p>\n<p>Pr\u00e4zise Charakteristika aller S\u00e4uger,<\/p>\n<p>\u00dcberblick \u00fcber die VitalEmpfindungen der Systematik der zoologischen Gruppen:<\/p>\n<p>die Fluchttiere wie Lac defl, Dama Dama, die kleinen J\u00e4ger wie Waschb\u00e4r, Marder, die Katzen wie Luchs, Puma; \u00a0die verschiedenen Meeress\u00e4uger, die Affenartigen, die Flederm\u00e4use, Nagetiere etc.<\/p>\n<p>Videof\u00e4lle illustrieren eindrucksvoll die Vielfalt dieser Mittelgruppe.<\/p>\n<p>Pathologien\u00a0 Burn Out, Hormonelles, Beschwerden nach Hepatitis, Trauma und Drogenabusus, etc.<\/p>\n<p><strong>16., 17., 18. <\/strong><strong>Okt, \u00a0und 31 Okt, 1 Nov\u00a0 frei 14- 18 Uhr, Sam, Son 9- 13 Uhr<\/strong><\/p>\n<p><strong>DD der Tiergruppen<\/strong> \u2013 pr\u00e4zise VitalEmpfindungen der Mollusken, Insekten, Spinnen, Fische, Reptilien, V\u00f6gel, S\u00e4ugetiere anhand von Videof\u00e4llen<\/p>\n<p>Die Sankaran- Methode hat eine einzigartige \u201eParallele Materia Medica\u201c, die auf der nat\u00fcrlichen, evolutionsbiologischen Systematik der Natur beruht.<\/p>\n<p>Die Einordnung in die Tiergruppe, und deren Best\u00e4tigung und weitere Sub-ordnungen sind oft schon w\u00e4hrend der Anamnesef\u00fchrung m\u00f6glich. Dies erm\u00f6glicht eine gezielte Differenzierung \u00e4hnlicher Heilmittel mithilfe von Repertorium und vertieften Anamnesetechniken. So kann eine sichere Mittelwahl eines Simillimums, selbst eines kleinen Mittels mit nur einer zweist\u00fcndigen Erstanamnese erfolgen.<\/p>\n<p>5x 4 Stunden, Frei 14h- 18h, Sam, Son 9h- 13h<\/p>\n<p>Termine Januar 2027<\/p>\n<p>24 Fobi des DZVH<strong>A<\/strong>E werden beantragt<\/p>\n<p><strong>Pflanzensystematik \u2013 Sankaran &amp; Yakir <\/strong><\/p>\n<p>Sankarans VitalEmpfindungen und Yakirs Tabelle\u201c<\/p>\n<p>Einf\u00fchrendes Webinar zum Verschreiben von pflanzlichen Heilmitteln anhand Sankarans \u00a0Vitalempfindung:<\/p>\n<p>Die \u00fcber 35 Pflanzenfamilien und die \u00a010 Miasmen nach Sankaran.<\/p>\n<p>Eine Bandbreite verschiedener Pflanzenfamilien und \u2013mittel wird mit \u00a0hilfe von einpr\u00e4gsamen Videof\u00e4llen charakterisiert.<\/p>\n<p>Mit der gezielten Arbeit am Anamnesetext, in dem die f\u00fcr die Fallanalyse \u00a0wichtigen Ausdr\u00fccke herausgearbeitet sind, zeigt die<\/p>\n<p>Ich werde auch Michal Yakirs Systematik unterrichten, mit der wir nun \u201eein Periodensystem der bl\u00fchenden Pflanzen\u201c an der Hand haben, das sehr hilfreich f\u00fcr das Verschreiben pflanzlicher Heilmittel ist.<\/p>\n<p>Es geht um die praktische Beantwortung folgender Fragen:<\/p>\n<p>\u201eWie erkenne ich fr\u00fchzeitig, dass es sich um ein pflanzliches Heilmittel handeln k\u00f6nnte?<\/p>\n<p>\u201eWie grenze ich die Auswahl der Pflanzenfamilie ein\u201c?<\/p>\n<p>\u201eDifferentialdiagnostisches der einzelnen Familien\u201c<\/p>\n<p>\u201eUm welches Miasma k\u00f6nnte es sich handeln?\u201c<\/p>\n","protected":false},"excerpt":{"rendered":"<p>Einf\u00fchrung in die Empfindungsmethode Jeweils eine 4 st\u00fcndige Einf\u00fchrung \u00a0in die Grundlagen: &#8211; \u201eDas andere Lied\u201c, die \u00a0Naturreiche, die Ebenen der Erfahrung, Anamnesetechnik, Superklassen und<\/p>\n","protected":false},"author":1,"featured_media":2230,"parent":0,"menu_order":0,"comment_status":"closed","ping_status":"closed","template":"","meta":{"footnotes":""},"class_list":["post-2225","page","type-page","status-publish","has-post-thumbnail","hentry"],"translation":{"provider":"WPGlobus","version":"3.0.2","language":"en","enabled_languages":["de","en"],"languages":{"de":{"title":true,"content":true,"excerpt":false},"en":{"title":false,"content":false,"excerpt":false}}},"aioseo_notices":[],"_links":{"self":[{"href":"https:\/\/www.sigridlindemann.com\/en\/wp-json\/wp\/v2\/pages\/2225","targetHints":{"allow":["GET"]}}],"collection":[{"href":"https:\/\/www.sigridlindemann.com\/en\/wp-json\/wp\/v2\/pages"}],"about":[{"href":"https:\/\/www.sigridlindemann.com\/en\/wp-json\/wp\/v2\/types\/page"}],"author":[{"embeddable":true,"href":"https:\/\/www.sigridlindemann.com\/en\/wp-json\/wp\/v2\/users\/1"}],"replies":[{"embeddable":true,"href":"https:\/\/www.sigridlindemann.com\/en\/wp-json\/wp\/v2\/comments?post=2225"}],"version-history":[{"count":3,"href":"https:\/\/www.sigridlindemann.com\/en\/wp-json\/wp\/v2\/pages\/2225\/revisions"}],"predecessor-version":[{"id":2229,"href":"https:\/\/www.sigridlindemann.com\/en\/wp-json\/wp\/v2\/pages\/2225\/revisions\/2229"}],"wp:featuredmedia":[{"embeddable":true,"href":"https:\/\/www.sigridlindemann.com\/en\/wp-json\/wp\/v2\/media\/2230"}],"wp:attachment":[{"href":"https:\/\/www.sigridlindemann.com\/en\/wp-json\/wp\/v2\/media?parent=2225"}],"curies":[{"name":"wp","href":"https:\/\/api.w.org\/{rel}","templated":true}]}}