{"id":443,"date":"2013-07-26T10:46:33","date_gmt":"2013-07-26T10:46:33","guid":{"rendered":"http:\/\/sigridlindemann.de\/wpress2013\/?page_id=443"},"modified":"2013-07-26T10:46:33","modified_gmt":"2013-07-26T10:46:33","slug":"impressum","status":"publish","type":"page","link":"https:\/\/www.sigridlindemann.com\/en\/impressum\/","title":{"rendered":"Impressum"},"content":{"rendered":"<p>Das Teledienstegesetz (Par.6) erfordert ein Impressum bei gewerblichen Homepages mit folgende Angaben:<\/p>\n<blockquote class=\"wp-embedded-content\" data-secret=\"tc1DPdLaIc\"><p><a href=\"https:\/\/www.sigridlindemann.com\/\">Welcome on the homepage of Sigrid Lindemann!<\/a><\/p><\/blockquote>\n<p><iframe loading=\"lazy\" class=\"wp-embedded-content\" sandbox=\"allow-scripts\" security=\"restricted\" style=\"position: absolute; clip: rect(1px, 1px, 1px, 1px);\" title=\"&#8220;Welcome on the homepage of Sigrid Lindemann!&#8221; &#8212; Sigrid Lindemann\" src=\"https:\/\/www.sigridlindemann.com\/embed\/#?secret=vcQfk33wSu#?secret=tc1DPdLaIc\" data-secret=\"tc1DPdLaIc\" width=\"600\" height=\"338\" frameborder=\"0\" marginwidth=\"0\" marginheight=\"0\" scrolling=\"no\"><\/iframe><\/p>\n<p>Verantwortlich f\u00fcr den Inhalt nach \u00a710 MDStv und \u00a7 6 Teledienstgesetz:<\/p>\n<p>Sigrid Lindemann<\/p>\n<p>Aufsichtsbeh\u00f6rde: f\u00fcr Praxis f\u00fcr Klassische Hom\u00f6opathie Sigrid Lindemann &#8211; Gesundsheitsamt Bremen -gesetzliche Berufsbezeichnung: &#8220;Heilpraktikerin&#8221; gem\u00e4\u00df Erlaubnis zur berufsm\u00e4\u00dfigen Aus\u00fcbung der Heilkunde ohne Bestallung (Heilpraktikergesetz vom 17.02.1939 (Reichsgesetzblatt I.S.251), ge\u00e4ndert durch Artikel 53 des EGStGB vom 02.03.1974 (BGBI.I. S469). Berufsst\u00e4ndische Regelungen finden sich in der Berufsordnung f\u00fcr Heilpraktiker.<\/p>\n<p>Berufsangaben f\u00fcr reglementierte Berufe:  Heilpraktikerin<\/p>\n<p>Inhaltlich verantwortlich\/Copyright: Sigrid Lindemann<\/p>\n<p>Rechtliche Hinweise:<\/p>\n<p>Alle Rechte vorbehalten. Vervielf\u00e4ltigung oder Verbreitung als Ganzes oder in Teilen bedarf der Zustimmung des Herausgebers.<\/p>\n<p>Laut Urteil vom 12.Mai 1998 &#8211; 312 O 85\/98 -&#8220;Haftung f\u00fcr Links&#8221; hat das Landgericht Hamburg entschieden, dass durch die Anbringung eines Links die Inhalte der gelinkten Seite ggf. mit zu verantworten sind. Dies kann nur dadurch verhindert werden, dass man sich ausdr\u00fccklich von diesen Inhalten distanziert. &#8220;Hiermit distanzieren wir uns ausdr\u00fccklich von allen Inhalten gelinkter Seiten auf dieser Webseite und machen uns diese Inhalte nicht zu eigen&#8221;. Dieses gilt f\u00fcr alle auf unserer Webseite angebrachten Links.<\/p>\n<p>Haftungsausschlu\u00df: Die bereitgestellten Informationen auf dieser Webseite wurden sorgf\u00e4ltig gepr\u00fcft und werden regelm\u00e4\u00dfig aktualisiert. Jedoch kann keine Garantie \u00fcbernommen werden, dass alle Angaben zu jeder Zeit vollst\u00e4ndig, richtig und in immer aktueller Qualit\u00e4t dargestellt sind. Dies gilt insbesondere f\u00fcr alle Verweise oder Links auf andere Webseiten. Alle Angaben k\u00f6nnen ohne vorherige Ank\u00fcndigung erg\u00e4nzt, entfernt oder ge\u00e4ndert werden. Alle auf dieser Webseite genannten Produktbezeichnungen und Logos sind eingetragene Warenzeichen und Eigentum der jeweiligen Rechtsinhaber.Urheber- und Kennzeichnungsrecht: Wir sind bestrebt in allen Bereichen die Urheberrechte von verwendeten Infos, Fotos und Texten zu beachten und soweit m\u00f6glich auf selbst erstellte Dokumente, Texte, Fotos zur\u00fcckzugreifen.Alle innerhalb des Internets genannten und ggf. durch Dritte gesch\u00fctzten Marken- und Warenzeichen unterliegen uneingeschr\u00e4nkt den Bestimmungen des jeweiligen g\u00fcltigen Kennzeichenrechts und den Besitzrechten der jeweiligen eingetragenen Eigent\u00fcmer. Allein durch blo\u00dfe Nennung ist nicht der Schlu\u00df zu ziehen, das Markenzeichen nicht durch Rechte Dritter gesch\u00fctzt sind! Das Copyright f\u00fcr von uns erstellte Dokumente und Objekte verbleibt allein bei uns als Autoren. Eine Vervielf\u00e4ltigung ist ohne unsere Zustimmung nicht gestattet.<br \/>\nDatenschutz: Sofern innerhalb unserer Seiten die M\u00f6glichkeit zur Eingabe pers\u00f6nlicher  oder gesch\u00e4ftlicher Daten besteht, so erfolgt die Angabe dieser Daten seitens des Nutzers auf ausdr\u00fccklich freiwilliger Basis. Alle Daten werden von uns vertraulich behandelt und nicht an Dritte weitergegeben.<\/p>\n<p>Soweit Teile dieser Seiten der geltenden Rechtslage nicht, nicht vollst\u00e4ndig oder noch nicht vollst\u00e4ndig entsprechen sollten, bleiben die \u00fcbrigen Teile dieser Seiten in ihrem Inhalt und in ihrer G\u00fcltigkeit davon unber\u00fchrt.<\/p>\n<p>Schutzrechtsverletzung: Falls Sie vermuten, dass von dieser Website aus eines Ihrer Schutzrechte verletzt wird, teilen Sie das bitte umgehend per elektronischer Post (Email) mit, damit z\u00fcgig Abhilfe geschaffen werden kann. Bitte nehmen Sie zur Kenntnis: Die zeitaufw\u00e4ndigere Einschaltung eines Anwaltes oder Abmahnvereines zur f\u00fcr den Diensteanbieter kostenpflichtigen Abmahnung entspricht nicht dessen wirklichem oder mutma\u00dflichem Willen.<\/p>\n","protected":false},"excerpt":{"rendered":"<p>Das Teledienstegesetz (Par.6) erfordert ein Impressum bei gewerblichen Homepages mit folgende Angaben: Welcome on the homepage of Sigrid Lindemann! Verantwortlich f\u00fcr den Inhalt nach \u00a710<\/p>\n","protected":false},"author":1,"featured_media":0,"parent":0,"menu_order":0,"comment_status":"closed","ping_status":"closed","template":"","meta":{"footnotes":""},"class_list":["post-443","page","type-page","status-publish","hentry"],"translation":{"provider":"WPGlobus","version":"3.0.2","language":"en","enabled_languages":["de","en"],"languages":{"de":{"title":true,"content":false,"excerpt":false},"en":{"title":true,"content":true,"excerpt":false}}},"aioseo_notices":[],"_links":{"self":[{"href":"https:\/\/www.sigridlindemann.com\/en\/wp-json\/wp\/v2\/pages\/443","targetHints":{"allow":["GET"]}}],"collection":[{"href":"https:\/\/www.sigridlindemann.com\/en\/wp-json\/wp\/v2\/pages"}],"about":[{"href":"https:\/\/www.sigridlindemann.com\/en\/wp-json\/wp\/v2\/types\/page"}],"author":[{"embeddable":true,"href":"https:\/\/www.sigridlindemann.com\/en\/wp-json\/wp\/v2\/users\/1"}],"replies":[{"embeddable":true,"href":"https:\/\/www.sigridlindemann.com\/en\/wp-json\/wp\/v2\/comments?post=443"}],"version-history":[{"count":0,"href":"https:\/\/www.sigridlindemann.com\/en\/wp-json\/wp\/v2\/pages\/443\/revisions"}],"wp:attachment":[{"href":"https:\/\/www.sigridlindemann.com\/en\/wp-json\/wp\/v2\/media?parent=443"}],"curies":[{"name":"wp","href":"https:\/\/api.w.org\/{rel}","templated":true}]}}