{"id":521,"date":"2013-07-31T18:25:08","date_gmt":"2013-07-31T18:25:08","guid":{"rendered":"https:\/\/www.sigridlindemann.com\/?page_id=521"},"modified":"2013-07-31T18:25:08","modified_gmt":"2013-07-31T18:25:08","slug":"content-wild-and-free","status":"publish","type":"page","link":"https:\/\/www.sigridlindemann.com\/en\/content-wild-and-free\/","title":{"rendered":"Content &#8220;Wild and Free&#8221;"},"content":{"rendered":"<p>Erlebt die \u201eHerren der L\u00fcfte\u201c in menschlicher Sprache &#8211;<\/p>\n<p>Mit 3 l\u00e4ngeren Videof\u00e4llen, die die Anamnesetechniken der SankaranMethode aufzeigen und ausgew\u00e4hlten Ausschnitten um die Materia Medica dieser teils v\u00f6llig neuen Heilmittel zu erweitern. Ich zeige das zentrale Thema der Gruppe \u201eV\u00f6gel\u201c auf und gebe pr\u00e4zise Einblicke in die sehr unterschiedlichen Vogel- Energien und -Pathologien. Wie meist in meinen Seminaren geht es auch diesmal um Behandlungen von chronischen bzw. AutoImmun-Erkrankungen, und psychiatrischen Symptomatiken.<\/p>\n<p>Was sieht so aus wie ein Vogelmittel \u2013 ist aber aus dem Tier- Pflanzen \u2013 oder Mineralreich?<\/p>\n<p>Zwischendrin sind die Videos und Powerpoints der Differentialdiagnostischen Mittel eingestreut\u2026so dass es spannend bleibt!<\/p>\n<p>Schon Jonathan Shore schrieb in \u201eV\u00f6gel\u201c: \u201eEine intensive, leichte Energie. Die Themen \u201eFreiheit, \u00dcberblick und das \u201esich k\u00fcmmern\u201c macht die Vogelmittel zu einem mehr als h\u00e4ufigen Heilmittel f\u00fcr Menschen aus den Heilberufen.\u201c<\/p>\n<p>F\u00fcr das ganzheitliche Erfahren der Sankaran Methode kommen wieder kurze interaktive \u00dcbungen dazu. Ich plane einen direkten Kontakt mit den \u201eUrsubstanzen\u201c \u2013 den V\u00f6geln selbst. Dazu m\u00f6chte ich einen Falkner mit einem Greifvogel am Samstag abend zum Seminarort kommen zu lassen. Um dies zu organisieren muss ich die n\u00e4chsten Tage wissen ob es gen\u00fcgend Interessierte daf\u00fcr gibt \u2013 Bei Interesse meldet Euch bitte umgehend bei den Organisatoren!!<\/p>\n","protected":false},"excerpt":{"rendered":"<p>Erlebt die \u201eHerren der L\u00fcfte\u201c in menschlicher Sprache &#8211; Mit 3 l\u00e4ngeren Videof\u00e4llen, die die Anamnesetechniken der SankaranMethode aufzeigen und ausgew\u00e4hlten Ausschnitten um die Materia<\/p>\n","protected":false},"author":1,"featured_media":0,"parent":0,"menu_order":0,"comment_status":"closed","ping_status":"closed","template":"","meta":{"footnotes":""},"class_list":["post-521","page","type-page","status-publish","hentry"],"translation":{"provider":"WPGlobus","version":"3.0.2","language":"en","enabled_languages":["de","en"],"languages":{"de":{"title":true,"content":true,"excerpt":false},"en":{"title":true,"content":true,"excerpt":false}}},"aioseo_notices":[],"_links":{"self":[{"href":"https:\/\/www.sigridlindemann.com\/en\/wp-json\/wp\/v2\/pages\/521","targetHints":{"allow":["GET"]}}],"collection":[{"href":"https:\/\/www.sigridlindemann.com\/en\/wp-json\/wp\/v2\/pages"}],"about":[{"href":"https:\/\/www.sigridlindemann.com\/en\/wp-json\/wp\/v2\/types\/page"}],"author":[{"embeddable":true,"href":"https:\/\/www.sigridlindemann.com\/en\/wp-json\/wp\/v2\/users\/1"}],"replies":[{"embeddable":true,"href":"https:\/\/www.sigridlindemann.com\/en\/wp-json\/wp\/v2\/comments?post=521"}],"version-history":[{"count":0,"href":"https:\/\/www.sigridlindemann.com\/en\/wp-json\/wp\/v2\/pages\/521\/revisions"}],"wp:attachment":[{"href":"https:\/\/www.sigridlindemann.com\/en\/wp-json\/wp\/v2\/media?parent=521"}],"curies":[{"name":"wp","href":"https:\/\/api.w.org\/{rel}","templated":true}]}}