{"id":530,"date":"2013-07-31T18:44:08","date_gmt":"2013-07-31T18:44:08","guid":{"rendered":"https:\/\/www.sigridlindemann.com\/?page_id=530"},"modified":"2014-04-20T07:44:11","modified_gmt":"2014-04-20T07:44:11","slug":"flyer-basiskurs-hypnotherapie","status":"publish","type":"page","link":"https:\/\/www.sigridlindemann.com\/en\/flyer-basiskurs-hypnotherapie\/","title":{"rendered":"Flyer Basiskurs Hypnotherapie"},"content":{"rendered":"<p>Basiskurs Therapeutische Hypnose<\/p>\n<p>Leiterin: Sigrid Lindemann<\/p>\n<p>Dieser Kurs richtet sich an \u00c4rzte, Heilpraktiker und Therapeuten<\/p>\n<p>Was ist Hypnose?<\/p>\n<p>Ein hypnotischer Zustand ist ein \u201cwacher Schlaf\u201d, ein Zustand klaren Bewusstseins, bei (meist) geschlossenen Augen. Mit solch einem Wachseinszustand wird in vielen Therapieformen gearbeitet.<\/p>\n<p>Was ist Hypnosetherapie?<\/p>\n<p>Hypnosetherapie ist eine Methode bei der in diesem Wachseinszustand mit dem Klienten (wie vorher abgesprochen) therapeutisch gearbeitet wird &#8211; und dies auf sehr vielf\u00e4ltige Weise!<\/p>\n<p>Worum geht es im Basiskurs?<\/p>\n<p>Es geht um die grundlegende Theorie und Praxis &#8211; die ersten angeleiteten, eigenen Einleitungen in den Zustand des \u201ewachen Schlafes\u201c!<\/p>\n<p>Ein umfangreiches Skript wird ausgeh\u00e4ndigt.<\/p>\n<p>Nach diesen drei Tagen kann Hypnosetherapie schon praktiziert werden. Au\u00dferdem k\u00f6nnen diese Techniken mit Therapieformen wie Hom\u00f6opathie, Familienaufstellung, K\u00f6rperarbeit, Psychotherapie etc. integriert werden!<\/p>\n<p>Sigrid Lindemann, Heilpraktikerin, klassische Hom\u00f6opathie<\/p>\n<p>hat langj\u00e4hrige Erfahrung mit dem \u201ewachen Schlaf\u201c in ihrer hom\u00f6opathischen Praxis. Die Ausbildung in therapeutischer Hypnose \u00fcberzeugte sie davon, wie vielf\u00e4ltig, zielgerichtet und ohne zu beeinflussen diese Methode eingesetzt werden kann \u2013 alleinig oder integriert mit der hom\u00f6opathischen Anamnese und Energieheilmethoden.<\/p>\n<p>Ich freue mich darauf, mein eigenes pers\u00f6nliches und professionelles Wachstum mit Ihnen zu teilen!<\/p>\n<p>Ich bin Ausbilderin f\u00fcr den Basiskurs in therapeutischer Hypnose beim California Institute of India, www.californiahypnosis.in und zertifiziert in transpersonal regression therapy\u00a0\u00a0 bei www.tassointernational.com , Hans Tendam &#8220;Tiefenheilung&#8221;.<\/p>\n<p>Ort und Zeit<\/p>\n<p>19-21 Juni 2014 in Bremen, die 3 Tage jeweils von 9 Uhr bis 17.30 Uhr, am 21. bis 15 Uhr<\/p>\n<p>Anmeldung<\/p>\n<p>I. U. J. Lindemann &#108;i&#110;d&#101;m&#x61;n&#x6e;s&#x40;b&#x72;a&#x69;n&#x6c;i&#x66;t&#x2e;d&#x65; 0421 254255<\/p>\n","protected":false},"excerpt":{"rendered":"<p>Basiskurs Therapeutische Hypnose Leiterin: Sigrid Lindemann Dieser Kurs richtet sich an \u00c4rzte, Heilpraktiker und Therapeuten Was ist Hypnose? Ein hypnotischer Zustand ist ein \u201cwacher Schlaf\u201d,<\/p>\n","protected":false},"author":1,"featured_media":0,"parent":0,"menu_order":0,"comment_status":"closed","ping_status":"closed","template":"","meta":{"footnotes":""},"class_list":["post-530","page","type-page","status-publish","hentry"],"translation":{"provider":"WPGlobus","version":"3.0.2","language":"en","enabled_languages":["de","en"],"languages":{"de":{"title":true,"content":true,"excerpt":false},"en":{"title":true,"content":true,"excerpt":false}}},"aioseo_notices":[],"_links":{"self":[{"href":"https:\/\/www.sigridlindemann.com\/en\/wp-json\/wp\/v2\/pages\/530","targetHints":{"allow":["GET"]}}],"collection":[{"href":"https:\/\/www.sigridlindemann.com\/en\/wp-json\/wp\/v2\/pages"}],"about":[{"href":"https:\/\/www.sigridlindemann.com\/en\/wp-json\/wp\/v2\/types\/page"}],"author":[{"embeddable":true,"href":"https:\/\/www.sigridlindemann.com\/en\/wp-json\/wp\/v2\/users\/1"}],"replies":[{"embeddable":true,"href":"https:\/\/www.sigridlindemann.com\/en\/wp-json\/wp\/v2\/comments?post=530"}],"version-history":[{"count":0,"href":"https:\/\/www.sigridlindemann.com\/en\/wp-json\/wp\/v2\/pages\/530\/revisions"}],"wp:attachment":[{"href":"https:\/\/www.sigridlindemann.com\/en\/wp-json\/wp\/v2\/media?parent=530"}],"curies":[{"name":"wp","href":"https:\/\/api.w.org\/{rel}","templated":true}]}}