{"id":541,"date":"2013-08-02T03:16:27","date_gmt":"2013-08-02T03:16:27","guid":{"rendered":"https:\/\/www.sigridlindemann.com\/?page_id=541"},"modified":"2015-04-14T17:25:50","modified_gmt":"2015-04-14T17:25:50","slug":"our-team","status":"publish","type":"page","link":"https:\/\/www.sigridlindemann.com\/en\/our-team\/","title":{"rendered":"Our Team"},"content":{"rendered":"<figure id=\"attachment_995\" aria-describedby=\"caption-attachment-995\" style=\"width: 511px\" class=\"wp-caption alignnone\"><a href=\"https:\/\/www.sigridlindemann.com\/wp-content\/uploads\/2014\/08\/Integral-Health-Team-2014.jpg\" rel=\"lightbox-0\"><img loading=\"lazy\" decoding=\"async\" class=\" wp-image-995\" src=\"https:\/\/www.sigridlindemann.com\/wp-content\/uploads\/2014\/08\/Integral-Health-Team-2014-300x186.jpg\" alt=\"Team Integral Health April 2014\" width=\"511\" height=\"317\" srcset=\"https:\/\/www.sigridlindemann.com\/wp-content\/uploads\/2014\/08\/Integral-Health-Team-2014-300x186.jpg 300w, https:\/\/www.sigridlindemann.com\/wp-content\/uploads\/2014\/08\/Integral-Health-Team-2014-1024x637.jpg 1024w\" sizes=\"auto, (max-width: 511px) 100vw, 511px\" \/><\/a><figcaption id=\"caption-attachment-995\" class=\"wp-caption-text\">Team Integral Health April 2014, from left Nora, Vika, Malar, Minori, Sigrid, Lisa, Manuela, Peter, Franzi<\/figcaption><\/figure>\n<p><strong>Sigrid Lindemann,<\/strong> teaching Sensation Method,\u00a0 more via\u00a0 <a title=\"Professionelles\" href=\"https:\/\/www.sigridlindemann.com\/professional-background\/\">professional background<\/a> and <a title=\"Pers\u00f6nliches\" href=\"https:\/\/www.sigridlindemann.com\/personal\/\">personal<\/a>.<\/p>\n<p><a href=\"https:\/\/www.sigridlindemann.com\/wp-content\/uploads\/2013\/08\/peter-holl-21.jpg\" rel=\"lightbox-1\"><img loading=\"lazy\" decoding=\"async\" class=\" wp-image-647\" src=\"https:\/\/www.sigridlindemann.com\/wp-content\/uploads\/2013\/08\/peter-holl-21-229x300.jpg\" alt=\"Peter Holl, Hom\u00f6opathie Empfindungsmethode seit 2000\" width=\"160\" height=\"210\" srcset=\"https:\/\/www.sigridlindemann.com\/wp-content\/uploads\/2013\/08\/peter-holl-21-229x300.jpg 229w, https:\/\/www.sigridlindemann.com\/wp-content\/uploads\/2013\/08\/peter-holl-21.jpg 269w\" sizes=\"auto, (max-width: 160px) 100vw, 160px\" \/><\/a><\/p>\n<p style=\"padding-left: 330px;\"><strong>Peter Holl<\/strong><br \/>\nAs I see it now, the shortest I can say about my job as a homoeopath is to help to break the pattern we are stuck with. I am practising for more than 20 years, being in touch with Dr. Sankaran since 1996. It has been a long journey of self discovery for me and my patients and I could help a lot of them to get a new stand in life.<\/p>\n<p>With new remedies and new methods of case taking we are able to see the energy patterns behind the manifested symptoms much more accurate and access the doors of the subconscious. The key is always within ourselves.<\/p>\n<p><strong><a href=\"https:\/\/www.sigridlindemann.com\/wp-content\/uploads\/2013\/08\/ingo-portrait-21.jpg\" rel=\"lightbox-2\"><img loading=\"lazy\" decoding=\"async\" class=\"alignnone  wp-image-650\" src=\"https:\/\/www.sigridlindemann.com\/wp-content\/uploads\/2013\/08\/ingo-portrait-21.jpg\" alt=\"ingo portrait 2\" width=\"163\" height=\"256\" \/><\/a>Ingo Torp<\/strong><\/p>\n<figure id=\"attachment_648\" aria-describedby=\"caption-attachment-648\" style=\"width: 151px\" class=\"wp-caption alignnone\"><a href=\"https:\/\/www.sigridlindemann.com\/wp-content\/uploads\/2013\/08\/manuela1.jpg\" rel=\"lightbox-3\"><img loading=\"lazy\" decoding=\"async\" class=\" wp-image-648\" src=\"https:\/\/www.sigridlindemann.com\/wp-content\/uploads\/2013\/08\/manuela1-200x300.jpg\" alt=\"Manuela Schliessner , Hebamme, \" width=\"151\" height=\"227\" srcset=\"https:\/\/www.sigridlindemann.com\/wp-content\/uploads\/2013\/08\/manuela1-200x300.jpg 200w, https:\/\/www.sigridlindemann.com\/wp-content\/uploads\/2013\/08\/manuela1.jpg 238w\" sizes=\"auto, (max-width: 151px) 100vw, 151px\" \/><\/a><figcaption id=\"caption-attachment-648\" class=\"wp-caption-text\">Manuela Schliessner , Hebamme,<\/figcaption><\/figure>\n<p><strong>Manuela Schliessner,<\/strong><br \/>\nDutch Midwife, well over 1000 births, 80 Percent home deliveries. Hypnotherapist, Massagetherapist, integrating several alternative approaches with midwifery. Counselling all around womens health and birth.<\/p>\n<p><strong>Lisa Joanes<\/strong>,portugiesische Hom\u00f6oopathin mit englischer Ausbildung, 2 Jahre Praxiserfahrung, arbeitet in englisch, spanisch und portugiesisch. Sie besucht jetzt das 3. Mal Auroville mit ihren 4 Kindern und Ehemann, und ihre hom\u00f6opathische Arbeit wird t\u00e4glich besser. Eine total engagierte, professionelle Hom\u00f6opathin.<\/p>\n<p><strong>Nora Berczin<\/strong>\u00a0 \u00c4rztin, Bowtech Praktitioner und Hom\u00f6opathin aus Ungarn. Sie ist schon vertraut mit der Sankaran-Methode und profitiert sehr von der Lehrpraxis. Sie wird die n\u00e4chste Verreibung leiten und dokumentieren.<\/p>\n<p><strong>Malar<\/strong> ist seit 1994 in Auroville, spricht Englisch und Tamil und ist die Sekret\u00e4rin und Managerin der Praxis. Sie organisiert selbstst\u00e4ndig das Zubereiten und Verschicken der PC Remedies, Samata und Harmony sowie der Hom\u00f6opathischen Notfallapotheke. Mehr Info zu PC remedies for Diabetes, Trauma, Epidemien und mehr unter <a href=\"http:\/\/www.arhf.nl\" target=\"_blank\">www.arhf.nl <\/a><\/p>\n<p><strong>Ulrike Fechner<\/strong><br \/>\nPraktikantin Nov 2012- Feb 2013, Heilpraktikerin aus Leipzig\u00a0 &#115;&#x61;&#110;&#x6b;&#97;&#x72;&#97;&#x6e;l&#x65;i&#x70;z&#x69;g&#64;&#x67;&#109;&#x61;&#105;&#x6c;&#46;&#x63;&#111;&#x6d;<\/p>\n<p>Hom\u00f6opathiekurs 2012- 2013 mit Ingo Torp<\/p>\n","protected":false},"excerpt":{"rendered":"<p>Sigrid Lindemann, teaching Sensation Method,\u00a0 more via\u00a0 professional background and personal. Peter Holl As I see it now, the shortest I can say about my<\/p>\n","protected":false},"author":1,"featured_media":0,"parent":0,"menu_order":0,"comment_status":"closed","ping_status":"closed","template":"","meta":{"footnotes":""},"class_list":["post-541","page","type-page","status-publish","hentry"],"translation":{"provider":"WPGlobus","version":"3.0.2","language":"en","enabled_languages":["de","en"],"languages":{"de":{"title":true,"content":true,"excerpt":false},"en":{"title":true,"content":true,"excerpt":false}}},"aioseo_notices":[],"_links":{"self":[{"href":"https:\/\/www.sigridlindemann.com\/en\/wp-json\/wp\/v2\/pages\/541","targetHints":{"allow":["GET"]}}],"collection":[{"href":"https:\/\/www.sigridlindemann.com\/en\/wp-json\/wp\/v2\/pages"}],"about":[{"href":"https:\/\/www.sigridlindemann.com\/en\/wp-json\/wp\/v2\/types\/page"}],"author":[{"embeddable":true,"href":"https:\/\/www.sigridlindemann.com\/en\/wp-json\/wp\/v2\/users\/1"}],"replies":[{"embeddable":true,"href":"https:\/\/www.sigridlindemann.com\/en\/wp-json\/wp\/v2\/comments?post=541"}],"version-history":[{"count":0,"href":"https:\/\/www.sigridlindemann.com\/en\/wp-json\/wp\/v2\/pages\/541\/revisions"}],"wp:attachment":[{"href":"https:\/\/www.sigridlindemann.com\/en\/wp-json\/wp\/v2\/media?parent=541"}],"curies":[{"name":"wp","href":"https:\/\/api.w.org\/{rel}","templated":true}]}}