{"id":588,"date":"2013-08-02T08:55:01","date_gmt":"2013-08-02T08:55:01","guid":{"rendered":"https:\/\/www.sigridlindemann.com\/?page_id=588"},"modified":"2013-08-02T08:56:30","modified_gmt":"2013-08-02T08:56:30","slug":"classical-homoeopathy","status":"publish","type":"page","link":"https:\/\/www.sigridlindemann.com\/en\/classical-homoeopathy\/","title":{"rendered":"Classical Homoeopathy"},"content":{"rendered":"<p><strong>Was ist klassische Hom\u00f6opathie<\/strong><\/p>\n<p>Die klassische Hom\u00f6opathie ist eine 1796 von Hahnemann entwickelte Heilmethode, die in dynamisch- energetischer Weise die Selbstheilungskr\u00e4fte eines Menschen aktiviert. Hahnemann basiert seine Methode auf dem vitalistischen Prinzip, d.h. er geht von der Existenz einer Lebenskraft aus, welche den menschlichen Organismus auf wundersame Weise ordnet und in Einklang h\u00e4lt, die sogenannte \u201eAutokratie\u201c. Die heutige Biophysik und Quantenphysik (mit Forschern wie Prof. Dr. Popp, Rupert Sheldrake u.a.) erforscht und best\u00e4tigt heutzutage diese Selbstordnungsprozesse. Hahnemann versteht Krankheitssymptome als Hinweise auf eine St\u00f6rung der Lebenskraft. In der klassischen Hom\u00f6opathie behandelt der Therapeut holistisch, d.h. es werden nicht einzelne Krankheitssymptome &#8220;repariert&#8221; &#8211; vielmehr dienen diese als Anhaltspunkte, um ein ganzheitlich wirkendes Heilmittel zu identifizieren, welches die Selbstheilungskr\u00e4fte reaktiviert und infolgedessen Harmonie und Ganzheit weitest m\u00f6glich und auf Dauer wiederherstellt.<\/p>\n<p>Heute gibt es verschiedene Herangehensweisen der klassischen Hom\u00f6opathie, denen jeweils ein etwas anderes Menschenbild zugrunde liegt.<br \/>\nDie neue &#8220;Sankaran Methode\u201c<\/p>\n<p>wurde im Jahre 2000 von Dr. Sankaran und seinem Team vorgestellt und gilt als Weiterentwicklung der klassischen Hom\u00f6opathie nach B\u00f6nninghausen. Sie wird seither von Hom\u00f6opathen auf internationaler Ebene best\u00e4tigt und erweist sich als systematische und h\u00f6chst wirkungsvolle Herangehensweise. Vor allem Heilerfolge bei chronisch, bzw. \u201e allopathisch unheilbar\u201c Kranken (Autoimmunkrankheiten, MS, Chronic Fatigue etc.) belegen auf eindrucksvolle Art und Weise die Wirksamkeit dieses individualisierten Behandlungsansatzes und dies noch dazu h\u00f6chst kosteneffektiv.<\/p>\n<p>Hahnemann \u2013 der Vater der Hom\u00f6opathie<\/p>\n<p>Hahnemann, Chemiker, Apotheker und \u00dcbersetzer der alten Sprachen praktizierte zun\u00e4chst die allopathische Medizin seiner Zeit und forschte dann nach effektiveren Heilmethoden. Die revolution\u00e4re Idee zur Entwicklung der Hom\u00f6opathie offenbarte sich ihm, als er selbst Chinarinde einnahm- (Chinarinde war derzeit ein Medikament zur Behandlung der Malaria). Zu seiner gro\u00dfen Verwunderung entwickelte Hahnemann nach Einnahme der Arznei Fieber, Sch\u00fcttelfrost, Schwei\u00dfausbr\u00fcche und andere malariatypische Symptome \u2013 die Arznei verursachte bei einem gesunden Menschen genau die Symptome, die sie bei einem Kranken heilen sollte! Die Grundidee der Hom\u00f6opathie, das \u00c4hnlichkeitsprinzip, war geboren: \u201e\u00c4hnliches soll durch \u00c4hnliches geheilt werden\u201c (similia similibus curentur).<\/p>\n<p>Bew\u00e4hrter Wissensschatz seit \u00fcber 200 Jahren<\/p>\n<p>Die hom\u00f6opathischen Heilmittel werden durch Verd\u00fcnnung und Potenzierung mineralischer, pflanzlicher und tierischer Substanzen hergestellt. (Auf www.remedia.at ein Video dazu). Die in der Hom\u00f6opathie verwendeten Arzneien werden seit \u00fcber 200 Jahren an gesunden Menschen detailliert erprobt. Die meisten der (zurzeit) \u00fcber 4000 Substanzen werden in den sehr umfangreichen \u201eMateria Medicas\u201c und in hom\u00f6opathischer Software mit ausf\u00fchrlichen Pr\u00fcfungsberichten und geheilten Symptomen beschrieben.<\/p>\n<p>Das &#8220;Similimum&#8221; oder Konstitutionsmittel<\/p>\n<p>Hahnemann beschrieb die Effizienz der Hom\u00f6opathie beim Einbeziehen der Totalit\u00e4t aller Symptome auf allen Ebenen, d.h. sowohl auf k\u00f6rperlicher wie emotionaler und geistiger Ebene. Der Hom\u00f6opath muss die ganzheitliche Wirkungsweise jeder Arznei kennen, denn nur so kann er auf der Basis des \u00c4hnlichkeitsprinzips verschreiben und erfolgreich einen Heilprozess initiieren.<\/p>\n<p>Der ideale Heilungsweg in der klassischen Hom\u00f6opathie ist die sogenannte \u201eKonstitutionelle Behandlung\u201c, eine Langzeitbehandlung mit einer einzigen Heilsubstanz, dem sogenannten \u201eSimilimum\u201c. Diese Arznei bewirkt umfassende Heilung, indem sie sich direkt an die St\u00f6rung der Vitalkraft des Patienten wendet. Alle Symptome und Beschwerden auf k\u00f6rperlicher, emotionaler und Gem\u00fctsebene werden durch wiederholte Einnahmen angesprochen und somit eine stetige Verbesserung der Gesundheit erzielt! Die Sankaran Methode ist in diesem urspr\u00fcnglichen Ansatz Hahnemanns h\u00f6chst effektiv. Eine konstitutionelle Behandlung beginnt mit einer 2 st\u00fcndigen Erst-Anamnese, gefolgt von der Mitteleinnahme. Die Begleitung mit regelm\u00e4\u00dfigen, kurzen Folgebesuchen hilft den Heilverlauf einzusch\u00e4tzen und zu optimieren.<\/p>\n<p>Warum die Potenzierung der Ursubstanzen?<\/p>\n<p>Viele der in der Hom\u00f6opathie verwendeten Substanzen sind in ihrer urspr\u00fcnglichen Form giftig und k\u00f6nnen den menschlichen Organismus sch\u00e4digen. Deshalb entwickelte Hahnemann die Technik der Verreibung und Potenzierung. So gelang es ihm, die heilende Wirkung von z.B. Arsen dem Menschen zug\u00e4nglich zu machen und gleichzeitig die toxische Wirkung aufzuheben.<\/p>\n<p>Informationsmedizin<\/p>\n<p>Zu Hahnemanns Erstaunen vergr\u00f6\u00dferte sich die Heilwirkung der Arzneien, je weiter er sie verd\u00fcnnte, solange er sein Verfahren der Verd\u00fcnnung und Potenzierung einhielt. Seine Experimente gingen soweit, dass er bald mit Arzneien arbeitete, in denen kein einziges Molek\u00fcl der Ursubstanz chemisch nachweisbar war. Allein die energetische Information der Substanz ist imstande, ganzheitliche Heilerfolge zu initiieren. Die meisten der heute in der Hom\u00f6opathie verwendeten Arzneien sind reine \u201eInformationsmedikamente\u201c. Dieses Konzept wird heute von Forschungen der Quantenphysik und der Biophysik gest\u00fctzt und viele weitere Heilmethoden wie die Bioresonanz, dynamisiertes Wasser, Bachbl\u00fctentherapie etc. machen sich dasselbe Prinzip zunutze.<\/p>\n<p>Hahnemann, Organon, Aphorismus 9<\/p>\n<p>\u201eIm gesunden Zustande des Menschen waltet die geistartige, als Dynamis den materiellen K\u00f6rper belebende Lebenskraft unumschr\u00e4nkt und h\u00e4lt alle seine Theile in bewundernsw\u00fcrdig harmonischen Lebensgange in Gef\u00fchlen und Th\u00e4tigkeiten (Autocratie), so dass unser inwohnende, vern\u00fcnftige Geist sich dieses lebendigen, gesunden Werkzeugs frei zu dem H\u00f6hern Zwecke unseres Daseins bedienen kann.\u201c Organon, Aphorism 9<\/p>\n<p>Zur aktuellen Situation der Hom\u00f6opathie als Heilmethode in Deutschland finden Sie eine Stellungnahme der Carstens Stiftung und eine Presseerkl\u00e4rung der Hahnemann Gesellschaft.<\/p>\n<p>Die Stiftung Hom\u00f6opathie Zertifikat hat eine Liste qualifizierter klassischer Hom\u00f6opathen und viel Info auf ihrer Website www.homoeopathie-zertifikat.de<\/p>\n","protected":false},"excerpt":{"rendered":"<p>Was ist klassische Hom\u00f6opathie Die klassische Hom\u00f6opathie ist eine 1796 von Hahnemann entwickelte Heilmethode, die in dynamisch- energetischer Weise die Selbstheilungskr\u00e4fte eines Menschen aktiviert. Hahnemann<\/p>\n","protected":false},"author":1,"featured_media":0,"parent":0,"menu_order":0,"comment_status":"closed","ping_status":"closed","template":"","meta":{"footnotes":""},"class_list":["post-588","page","type-page","status-publish","hentry"],"translation":{"provider":"WPGlobus","version":"3.0.2","language":"en","enabled_languages":["de","en"],"languages":{"de":{"title":true,"content":true,"excerpt":false},"en":{"title":true,"content":false,"excerpt":false}}},"aioseo_notices":[],"_links":{"self":[{"href":"https:\/\/www.sigridlindemann.com\/en\/wp-json\/wp\/v2\/pages\/588","targetHints":{"allow":["GET"]}}],"collection":[{"href":"https:\/\/www.sigridlindemann.com\/en\/wp-json\/wp\/v2\/pages"}],"about":[{"href":"https:\/\/www.sigridlindemann.com\/en\/wp-json\/wp\/v2\/types\/page"}],"author":[{"embeddable":true,"href":"https:\/\/www.sigridlindemann.com\/en\/wp-json\/wp\/v2\/users\/1"}],"replies":[{"embeddable":true,"href":"https:\/\/www.sigridlindemann.com\/en\/wp-json\/wp\/v2\/comments?post=588"}],"version-history":[{"count":0,"href":"https:\/\/www.sigridlindemann.com\/en\/wp-json\/wp\/v2\/pages\/588\/revisions"}],"wp:attachment":[{"href":"https:\/\/www.sigridlindemann.com\/en\/wp-json\/wp\/v2\/media?parent=588"}],"curies":[{"name":"wp","href":"https:\/\/api.w.org\/{rel}","templated":true}]}}